{"id":7020,"date":"2024-04-19T09:55:45","date_gmt":"2024-04-19T12:55:45","guid":{"rendered":"https:\/\/swellcontrol.com.br\/?page_id=7020"},"modified":"2024-05-07T15:22:26","modified_gmt":"2024-05-07T18:22:26","slug":"well-service-introductory","status":"publish","type":"page","link":"https:\/\/swellcontrol.com.br\/index.php\/well-service-introductory\/","title":{"rendered":"Well Service Introductory"},"content":{"rendered":"\t\t<div data-elementor-type=\"wp-page\" data-elementor-id=\"7020\" class=\"elementor elementor-7020\" data-elementor-post-type=\"page\">\n\t\t\t\t\t\t<section class=\"elementor-section elementor-top-section elementor-element elementor-element-83b5171 elementor-section-boxed elementor-section-height-default elementor-section-height-default\" data-id=\"83b5171\" data-element_type=\"section\" data-e-type=\"section\">\n\t\t\t\t\t\t<div class=\"elementor-container elementor-column-gap-default\">\n\t\t\t\t\t<div class=\"elementor-column elementor-col-50 elementor-top-column elementor-element elementor-element-e36b231\" data-id=\"e36b231\" data-element_type=\"column\" data-e-type=\"column\">\n\t\t\t<div class=\"elementor-widget-wrap elementor-element-populated\">\n\t\t\t\t\t\t<div class=\"elementor-element elementor-element-d2ecc03 elementor-widget elementor-widget-spacer\" data-id=\"d2ecc03\" data-element_type=\"widget\" data-e-type=\"widget\" data-widget_type=\"spacer.default\">\n\t\t\t\t<div class=\"elementor-widget-container\">\n\t\t\t\t\t\t\t<div class=\"elementor-spacer\">\n\t\t\t<div class=\"elementor-spacer-inner\"><\/div>\n\t\t<\/div>\n\t\t\t\t\t\t<\/div>\n\t\t\t\t<\/div>\n\t\t\t\t<div class=\"elementor-element elementor-element-3c1c194 elementor-widget elementor-widget-image\" data-id=\"3c1c194\" data-element_type=\"widget\" data-e-type=\"widget\" data-widget_type=\"image.default\">\n\t\t\t\t<div class=\"elementor-widget-container\">\n\t\t\t\t\t\t\t\t\t\t\t\t\t\t\t<img fetchpriority=\"high\" decoding=\"async\" width=\"2000\" height=\"1300\" src=\"https:\/\/swellcontrol.com.br\/wp-content\/uploads\/2022\/07\/INTRODUTORIO.png\" class=\"attachment-full size-full wp-image-4257\" alt=\"\" srcset=\"https:\/\/swellcontrol.com.br\/wp-content\/uploads\/2022\/07\/INTRODUTORIO.png 2000w, https:\/\/swellcontrol.com.br\/wp-content\/uploads\/2022\/07\/INTRODUTORIO-300x195.png 300w, https:\/\/swellcontrol.com.br\/wp-content\/uploads\/2022\/07\/INTRODUTORIO-1024x666.png 1024w, https:\/\/swellcontrol.com.br\/wp-content\/uploads\/2022\/07\/INTRODUTORIO-768x499.png 768w, https:\/\/swellcontrol.com.br\/wp-content\/uploads\/2022\/07\/INTRODUTORIO-1536x998.png 1536w\" sizes=\"(max-width: 2000px) 100vw, 2000px\" \/>\t\t\t\t\t\t\t\t\t\t\t\t\t\t\t<\/div>\n\t\t\t\t<\/div>\n\t\t\t\t\t<\/div>\n\t\t<\/div>\n\t\t\t\t<div class=\"elementor-column elementor-col-50 elementor-top-column elementor-element elementor-element-55e5f06\" data-id=\"55e5f06\" data-element_type=\"column\" data-e-type=\"column\">\n\t\t\t<div class=\"elementor-widget-wrap elementor-element-populated\">\n\t\t\t\t\t\t<div class=\"elementor-element elementor-element-e90901c elementor-widget elementor-widget-spacer\" data-id=\"e90901c\" data-element_type=\"widget\" data-e-type=\"widget\" data-widget_type=\"spacer.default\">\n\t\t\t\t<div class=\"elementor-widget-container\">\n\t\t\t\t\t\t\t<div class=\"elementor-spacer\">\n\t\t\t<div class=\"elementor-spacer-inner\"><\/div>\n\t\t<\/div>\n\t\t\t\t\t\t<\/div>\n\t\t\t\t<\/div>\n\t\t\t\t<div class=\"elementor-element elementor-element-858236a elementor-widget elementor-widget-heading\" data-id=\"858236a\" data-element_type=\"widget\" data-e-type=\"widget\" data-widget_type=\"heading.default\">\n\t\t\t\t<div class=\"elementor-widget-container\">\n\t\t\t\t\t<h4 class=\"elementor-heading-title elementor-size-default\">Well Control<br> Well Servicing Introductory<\/h4>\t\t\t\t<\/div>\n\t\t\t\t<\/div>\n\t\t\t\t<div class=\"elementor-element elementor-element-3d9d428 elementor-widget elementor-widget-text-editor\" data-id=\"3d9d428\" data-element_type=\"widget\" data-e-type=\"widget\" data-widget_type=\"text-editor.default\">\n\t\t\t\t<div class=\"elementor-widget-container\">\n\t\t\t\t\t\t\t\t\t<p>O curso de Well Control pelo programa IADC WellSharp no n\u00edvel de Introdu\u00e7\u00e3o ao Well Servicing Introductory \u00e9 desenvolvido para fornecer uma compreens\u00e3o fundamental dos princ\u00edpios de controle de po\u00e7o adaptados especificamente para profissionais que atuam em servi\u00e7os de po\u00e7os. Este curso \u00e9 essencial para aqueles que desejam ingressar ou avan\u00e7ar em suas carreiras na ind\u00fastria de petr\u00f3leo e g\u00e1s. <br \/>Durante o curso, os participantes aprendem sobre os conceitos b\u00e1sicos de press\u00e3o de po\u00e7o, m\u00e9todos de controle de po\u00e7o, equipamentos de seguran\u00e7a e procedimentos de resposta a emerg\u00eancias espec\u00edficos para well servicing. O treinamento inclui uma combina\u00e7\u00e3o de sess\u00f5es te\u00f3ricas e pr\u00e1ticas, permitindo que os participantes desenvolvam habilidades pr\u00e1ticas essenciais para lidar com situa\u00e7\u00f5es de controle de po\u00e7o de forma eficaz e segura.<br \/>Ao concluir o curso, os participantes estar\u00e3o equipados com o conhecimento necess\u00e1rio para entender os princ\u00edpios b\u00e1sicos de controle de po\u00e7o e os procedimentos essenciais para garantir a seguran\u00e7a e efic\u00e1cia das opera\u00e7\u00f5es de well servicing. Este curso serve como uma base s\u00f3lida para futuros avan\u00e7os na carreira dentro da ind\u00fastria de petr\u00f3leo e g\u00e1s. <br \/>O curso de Well Control pelo programa IADC WellSharp no n\u00edvel de Introdu\u00e7\u00e3o ao Well Servicing \u00e9 projetado para abranger os princ\u00edpios fundamentais de controle de po\u00e7o adaptados especificamente para profissionais que atuam em servi\u00e7os de po\u00e7os.<\/p>\t\t\t\t\t\t\t\t<\/div>\n\t\t\t\t<\/div>\n\t\t\t\t<div class=\"elementor-element elementor-element-fa3c013 elementor-align-center elementor-widget elementor-widget-button\" data-id=\"fa3c013\" data-element_type=\"widget\" data-e-type=\"widget\" data-widget_type=\"button.default\">\n\t\t\t\t<div class=\"elementor-widget-container\">\n\t\t\t\t\t\t\t\t\t<div class=\"elementor-button-wrapper\">\n\t\t\t\t\t<a class=\"elementor-button elementor-button-link elementor-size-sm\" href=\"https:\/\/api.whatsapp.com\/send?phone=557140404080\">\n\t\t\t\t\t\t<span class=\"elementor-button-content-wrapper\">\n\t\t\t\t\t\t\t\t\t<span class=\"elementor-button-text\">Inscri\u00e7\u00e3o<\/span>\n\t\t\t\t\t<\/span>\n\t\t\t\t\t<\/a>\n\t\t\t\t<\/div>\n\t\t\t\t\t\t\t\t<\/div>\n\t\t\t\t<\/div>\n\t\t\t\t\t<\/div>\n\t\t<\/div>\n\t\t\t\t\t<\/div>\n\t\t<\/section>\n\t\t\t\t<section class=\"elementor-section elementor-top-section elementor-element elementor-element-e11efc6 elementor-section-boxed elementor-section-height-default elementor-section-height-default\" data-id=\"e11efc6\" data-element_type=\"section\" data-e-type=\"section\">\n\t\t\t\t\t\t<div class=\"elementor-container elementor-column-gap-default\">\n\t\t\t\t\t<div class=\"elementor-column elementor-col-50 elementor-top-column elementor-element elementor-element-77de4ae\" data-id=\"77de4ae\" data-element_type=\"column\" data-e-type=\"column\">\n\t\t\t<div class=\"elementor-widget-wrap elementor-element-populated\">\n\t\t\t\t\t\t<div class=\"elementor-element elementor-element-b748c5e elementor-widget elementor-widget-text-editor\" data-id=\"b748c5e\" data-element_type=\"widget\" data-e-type=\"widget\" data-widget_type=\"text-editor.default\">\n\t\t\t\t<div class=\"elementor-widget-container\">\n\t\t\t\t\t\t\t\t\t<h3><span style=\"color: #000080;\"><strong>Conte\u00fado do curso<\/strong><\/span><\/h3><p>\u00a0<\/p><ul><li>Princ\u00edpios b\u00e1sicos de press\u00e3o de po\u00e7o.<\/li><li>M\u00e9todos de controle de po\u00e7o adaptados para well servicing.<\/li><li>Equipamentos de seguran\u00e7a utilizados em opera\u00e7\u00f5es de well servicing.<\/li><li>Procedimentos de resposta a emerg\u00eancias espec\u00edficos para well servicing.<\/li><li>Pr\u00e1ticas de seguran\u00e7a e preven\u00e7\u00e3o de acidentes durante opera\u00e7\u00f5es de well servicing.<\/li><li>Simula\u00e7\u00f5es pr\u00e1ticas de cen\u00e1rios de controle de po\u00e7o comuns em well servicing.<\/li><li>Estudos de caso de incidentes reais e li\u00e7\u00f5es aprendidas relevantes para well servicing.<\/li><\/ul><h3><span style=\"color: #000080;\"><strong>Carga hor\u00e1ria<\/strong><\/span><\/h3><ul><li style=\"list-style-type: none;\"><ul><li><p><span style=\"font-size: 12.0pt;\">16 horas<\/span><\/p><\/li><\/ul><\/li><\/ul>\t\t\t\t\t\t\t\t<\/div>\n\t\t\t\t<\/div>\n\t\t\t\t\t<\/div>\n\t\t<\/div>\n\t\t\t\t<div class=\"elementor-column elementor-col-50 elementor-top-column elementor-element elementor-element-671181e\" data-id=\"671181e\" data-element_type=\"column\" data-e-type=\"column\">\n\t\t\t<div class=\"elementor-widget-wrap elementor-element-populated\">\n\t\t\t\t\t\t<div class=\"elementor-element elementor-element-058973b elementor-widget elementor-widget-text-editor\" data-id=\"058973b\" data-element_type=\"widget\" data-e-type=\"widget\" data-widget_type=\"text-editor.default\">\n\t\t\t\t<div class=\"elementor-widget-container\">\n\t\t\t\t\t\t\t\t\t<h3><span style=\"color: #000080;\"><strong>P\u00fablico alvo<\/strong><\/span><\/h3><p>\u00a0<\/p><ul><li>Plataformista<\/li><li>Torrista<\/li><li>Gerentes<\/li><li>Consultores<\/li><li>Especialistas\/operadores de equipamentos de sub-superf\u00edcie<\/li><li>Equipe de opera\u00e7\u00e3o com flexitubo<\/li><li>Equipe de estimula\u00e7\u00e3o<\/li><li>TQP e Qu\u00edmico de fluido Pescador (po\u00e7o n\u00e3o pressurizado) Operador da unidade de cimenta\u00e7\u00e3o<\/li><li>Equipe de cabe\u00e7a de po\u00e7o\/\u00e1rvore de natal;<\/li><li>T\u00e9cnico de estabilidade<\/li><li>Equipe de \u201cwell testing\u201d<\/li><\/ul><h3><span style=\"color: #000080;\"><strong>Certifica\u00e7\u00f5es<\/strong><\/span><\/h3><ul><li>IADC WellSharp<\/li><li>SWC School Of Well Control<\/li><li>Validade 5 anos<\/li><\/ul>\t\t\t\t\t\t\t\t<\/div>\n\t\t\t\t<\/div>\n\t\t\t\t<div class=\"elementor-element elementor-element-45cae1f elementor-widget elementor-widget-text-editor\" data-id=\"45cae1f\" data-element_type=\"widget\" data-e-type=\"widget\" data-widget_type=\"text-editor.default\">\n\t\t\t\t<div class=\"elementor-widget-container\">\n\t\t\t\t\t\t\t\t\t<p style=\"text-align: center;\">Clique no bot\u00e3o de download abaixo para baixar o plano do curso<\/p>\t\t\t\t\t\t\t\t<\/div>\n\t\t\t\t<\/div>\n\t\t\t\t<div class=\"elementor-element elementor-element-e6f0406 elementor-align-center elementor-widget elementor-widget-button\" data-id=\"e6f0406\" data-element_type=\"widget\" data-e-type=\"widget\" data-widget_type=\"button.default\">\n\t\t\t\t<div class=\"elementor-widget-container\">\n\t\t\t\t\t\t\t\t\t<div class=\"elementor-button-wrapper\">\n\t\t\t\t\t<a class=\"elementor-button elementor-button-link elementor-size-sm\" href=\"https:\/\/swellcontrol.com.br\/wp-content\/uploads\/2024\/05\/WSI.pdf\" target=\"_blank\">\n\t\t\t\t\t\t<span class=\"elementor-button-content-wrapper\">\n\t\t\t\t\t\t<span class=\"elementor-button-icon\">\n\t\t\t\t<i aria-hidden=\"true\" class=\"fas fa-download\"><\/i>\t\t\t<\/span>\n\t\t\t\t\t\t\t\t\t<span class=\"elementor-button-text\">Download<\/span>\n\t\t\t\t\t<\/span>\n\t\t\t\t\t<\/a>\n\t\t\t\t<\/div>\n\t\t\t\t\t\t\t\t<\/div>\n\t\t\t\t<\/div>\n\t\t\t\t\t<\/div>\n\t\t<\/div>\n\t\t\t\t\t<\/div>\n\t\t<\/section>\n\t\t\t\t<\/div>\n\t\t","protected":false},"excerpt":{"rendered":"<p>Well Control Well Servicing Introductory O curso de Well Control pelo programa IADC WellSharp no n\u00edvel de Introdu\u00e7\u00e3o ao Well Servicing Introductory \u00e9 desenvolvido para fornecer uma compreens\u00e3o fundamental dos [&hellip;]<\/p>\n","protected":false},"author":2,"featured_media":0,"parent":0,"menu_order":0,"comment_status":"closed","ping_status":"closed","template":"","meta":{"site-sidebar-layout":"no-sidebar","site-content-layout":"page-builder","ast-site-content-layout":"default","site-content-style":"default","site-sidebar-style":"default","ast-global-header-display":"","ast-banner-title-visibility":"","ast-main-header-display":"","ast-hfb-above-header-display":"","ast-hfb-below-header-display":"","ast-hfb-mobile-header-display":"","site-post-title":"disabled","ast-breadcrumbs-content":"","ast-featured-img":"disabled","footer-sml-layout":"","ast-disable-related-posts":"","theme-transparent-header-meta":"","adv-header-id-meta":"","stick-header-meta":"","header-above-stick-meta":"","header-main-stick-meta":"","header-below-stick-meta":"","astra-migrate-meta-layouts":"default","ast-page-background-enabled":"default","ast-page-background-meta":{"desktop":{"background-color":"","background-image":"","background-repeat":"repeat","background-position":"center center","background-size":"auto","background-attachment":"scroll","background-type":"","background-media":"","overlay-type":"","overlay-color":"","overlay-opacity":"","overlay-gradient":""},"tablet":{"background-color":"","background-image":"","background-repeat":"repeat","background-position":"center center","background-size":"auto","background-attachment":"scroll","background-type":"","background-media":"","overlay-type":"","overlay-color":"","overlay-opacity":"","overlay-gradient":""},"mobile":{"background-color":"","background-image":"","background-repeat":"repeat","background-position":"center center","background-size":"auto","background-attachment":"scroll","background-type":"","background-media":"","overlay-type":"","overlay-color":"","overlay-opacity":"","overlay-gradient":""}},"ast-content-background-meta":{"desktop":{"background-color":"var(--ast-global-color-5)","background-image":"","background-repeat":"repeat","background-position":"center center","background-size":"auto","background-attachment":"scroll","background-type":"","background-media":"","overlay-type":"","overlay-color":"","overlay-opacity":"","overlay-gradient":""},"tablet":{"background-color":"var(--ast-global-color-5)","background-image":"","background-repeat":"repeat","background-position":"center center","background-size":"auto","background-attachment":"scroll","background-type":"","background-media":"","overlay-type":"","overlay-color":"","overlay-opacity":"","overlay-gradient":""},"mobile":{"background-color":"var(--ast-global-color-5)","background-image":"","background-repeat":"repeat","background-position":"center center","background-size":"auto","background-attachment":"scroll","background-type":"","background-media":"","overlay-type":"","overlay-color":"","overlay-opacity":"","overlay-gradient":""}},"_price":"","_stock":"","_tribe_ticket_header":"","_tribe_default_ticket_provider":"","_tribe_ticket_capacity":"0","_ticket_start_date":"","_ticket_end_date":"","_tribe_ticket_show_description":"","_tribe_ticket_show_not_going":false,"_tribe_ticket_use_global_stock":"","_tribe_ticket_global_stock_level":"","_global_stock_mode":"","_global_stock_cap":"","_tribe_rsvp_for_event":"","_tribe_ticket_going_count":"","_tribe_ticket_not_going_count":"","_tribe_tickets_list":"[]","_tribe_ticket_has_attendee_info_fields":false,"footnotes":"","_tec_slr_enabled":"","_tec_slr_layout":""},"class_list":["post-7020","page","type-page","status-publish","hentry"],"jetpack_sharing_enabled":true,"ticketed":false,"_links":{"self":[{"href":"https:\/\/swellcontrol.com.br\/index.php\/wp-json\/wp\/v2\/pages\/7020","targetHints":{"allow":["GET"]}}],"collection":[{"href":"https:\/\/swellcontrol.com.br\/index.php\/wp-json\/wp\/v2\/pages"}],"about":[{"href":"https:\/\/swellcontrol.com.br\/index.php\/wp-json\/wp\/v2\/types\/page"}],"author":[{"embeddable":true,"href":"https:\/\/swellcontrol.com.br\/index.php\/wp-json\/wp\/v2\/users\/2"}],"replies":[{"embeddable":true,"href":"https:\/\/swellcontrol.com.br\/index.php\/wp-json\/wp\/v2\/comments?post=7020"}],"version-history":[{"count":28,"href":"https:\/\/swellcontrol.com.br\/index.php\/wp-json\/wp\/v2\/pages\/7020\/revisions"}],"predecessor-version":[{"id":7080,"href":"https:\/\/swellcontrol.com.br\/index.php\/wp-json\/wp\/v2\/pages\/7020\/revisions\/7080"}],"wp:attachment":[{"href":"https:\/\/swellcontrol.com.br\/index.php\/wp-json\/wp\/v2\/media?parent=7020"}],"curies":[{"name":"wp","href":"https:\/\/api.w.org\/{rel}","templated":true}]}}