{"id":5809,"date":"2022-08-02T16:46:32","date_gmt":"2022-08-02T19:46:32","guid":{"rendered":"https:\/\/swellcontrol.com.br\/?page_id=5809"},"modified":"2022-08-02T17:23:31","modified_gmt":"2022-08-02T20:23:31","slug":"nr-18-3","status":"publish","type":"page","link":"https:\/\/swellcontrol.com.br\/index.php\/nr-18-3\/","title":{"rendered":"NR 18"},"content":{"rendered":"\t\t<div data-elementor-type=\"wp-page\" data-elementor-id=\"5809\" class=\"elementor elementor-5809\" data-elementor-post-type=\"page\">\n\t\t\t\t\t\t<section class=\"elementor-section elementor-top-section elementor-element elementor-element-1d117b41 elementor-section-boxed elementor-section-height-default elementor-section-height-default\" data-id=\"1d117b41\" data-element_type=\"section\" data-e-type=\"section\">\n\t\t\t\t\t\t<div class=\"elementor-container elementor-column-gap-default\">\n\t\t\t\t\t<div class=\"elementor-column elementor-col-50 elementor-top-column elementor-element elementor-element-17679248\" data-id=\"17679248\" data-element_type=\"column\" data-e-type=\"column\">\n\t\t\t<div class=\"elementor-widget-wrap elementor-element-populated\">\n\t\t\t\t\t\t<div class=\"elementor-element elementor-element-10e28631 elementor-widget elementor-widget-heading\" data-id=\"10e28631\" data-element_type=\"widget\" data-e-type=\"widget\" data-widget_type=\"heading.default\">\n\t\t\t\t<div class=\"elementor-widget-container\">\n\t\t\t\t\t<h4 class=\"elementor-heading-title elementor-size-default\">Condi\u00e7\u00f5es e Meio Ambiente de\nTrabalho na Ind\u00fastria da\nConstru\u00e7\u00e3o NR 18<\/h4>\t\t\t\t<\/div>\n\t\t\t\t<\/div>\n\t\t\t\t<div class=\"elementor-element elementor-element-2c283ed elementor-widget elementor-widget-text-editor\" data-id=\"2c283ed\" data-element_type=\"widget\" data-e-type=\"widget\" data-widget_type=\"text-editor.default\">\n\t\t\t\t<div class=\"elementor-widget-container\">\n\t\t\t\t\t\t\t\t\t<p>Este treinamento tem como objetivo atender a Norma Regulamentadora 18 do Minist\u00e9rio do Trabalho e Emprego que prev\u00ea a obrigatoriedade do treinamento para os trabalhadores envolvidos no ramo da constru\u00e7\u00e3o civil com a normatiza\u00e7\u00e3o das boas pr\u00e1ticas do trabalho com seguran\u00e7a, respeito e na preserva\u00e7\u00e3o da vida saud\u00e1vel no trabalho.<\/p>\t\t\t\t\t\t\t\t<\/div>\n\t\t\t\t<\/div>\n\t\t\t\t<div class=\"elementor-element elementor-element-1056d303 elementor-align-center elementor-widget elementor-widget-button\" data-id=\"1056d303\" data-element_type=\"widget\" data-e-type=\"widget\" data-widget_type=\"button.default\">\n\t\t\t\t<div class=\"elementor-widget-container\">\n\t\t\t\t\t\t\t\t\t<div class=\"elementor-button-wrapper\">\n\t\t\t\t\t<a class=\"elementor-button elementor-button-link elementor-size-sm\" href=\"https:\/\/swellcontrol.com.br\/wp-content\/uploads\/2022\/07\/NR-18.pdf\" target=\"_blank\">\n\t\t\t\t\t\t<span class=\"elementor-button-content-wrapper\">\n\t\t\t\t\t\t\t\t\t<span class=\"elementor-button-text\">Inscri\u00e7\u00e3o<\/span>\n\t\t\t\t\t<\/span>\n\t\t\t\t\t<\/a>\n\t\t\t\t<\/div>\n\t\t\t\t\t\t\t\t<\/div>\n\t\t\t\t<\/div>\n\t\t\t\t\t<\/div>\n\t\t<\/div>\n\t\t\t\t<div class=\"elementor-column elementor-col-50 elementor-top-column elementor-element elementor-element-73fcdc37\" data-id=\"73fcdc37\" data-element_type=\"column\" data-e-type=\"column\">\n\t\t\t<div class=\"elementor-widget-wrap elementor-element-populated\">\n\t\t\t\t\t\t<div class=\"elementor-element elementor-element-54a841fa elementor-widget elementor-widget-image\" data-id=\"54a841fa\" data-element_type=\"widget\" data-e-type=\"widget\" data-widget_type=\"image.default\">\n\t\t\t\t<div class=\"elementor-widget-container\">\n\t\t\t\t\t\t\t\t\t\t\t\t\t\t\t<img fetchpriority=\"high\" decoding=\"async\" width=\"2120\" height=\"1414\" src=\"https:\/\/swellcontrol.com.br\/wp-content\/uploads\/2022\/07\/nr18.jpg\" class=\"attachment-full size-full wp-image-5182\" alt=\"\" srcset=\"https:\/\/swellcontrol.com.br\/wp-content\/uploads\/2022\/07\/nr18.jpg 2120w, https:\/\/swellcontrol.com.br\/wp-content\/uploads\/2022\/07\/nr18-300x200.jpg 300w, https:\/\/swellcontrol.com.br\/wp-content\/uploads\/2022\/07\/nr18-1024x683.jpg 1024w, https:\/\/swellcontrol.com.br\/wp-content\/uploads\/2022\/07\/nr18-768x512.jpg 768w, https:\/\/swellcontrol.com.br\/wp-content\/uploads\/2022\/07\/nr18-1536x1024.jpg 1536w, https:\/\/swellcontrol.com.br\/wp-content\/uploads\/2022\/07\/nr18-2048x1366.jpg 2048w\" sizes=\"(max-width: 2120px) 100vw, 2120px\" \/>\t\t\t\t\t\t\t\t\t\t\t\t\t\t\t<\/div>\n\t\t\t\t<\/div>\n\t\t\t\t\t<\/div>\n\t\t<\/div>\n\t\t\t\t\t<\/div>\n\t\t<\/section>\n\t\t\t\t<section class=\"elementor-section elementor-top-section elementor-element elementor-element-74b4ea00 elementor-section-boxed elementor-section-height-default elementor-section-height-default\" data-id=\"74b4ea00\" data-element_type=\"section\" data-e-type=\"section\">\n\t\t\t\t\t\t<div class=\"elementor-container elementor-column-gap-default\">\n\t\t\t\t\t<div class=\"elementor-column elementor-col-50 elementor-top-column elementor-element elementor-element-7c2383c9\" data-id=\"7c2383c9\" data-element_type=\"column\" data-e-type=\"column\">\n\t\t\t<div class=\"elementor-widget-wrap elementor-element-populated\">\n\t\t\t\t\t\t<div class=\"elementor-element elementor-element-662cfba8 elementor-widget elementor-widget-text-editor\" data-id=\"662cfba8\" data-element_type=\"widget\" data-e-type=\"widget\" data-widget_type=\"text-editor.default\">\n\t\t\t\t<div class=\"elementor-widget-container\">\n\t\t\t\t\t\t\t\t\t<h3><span style=\"color: #000080;\">Conte\u00fado do curso<\/span><\/h3><ul><li>Apresenta\u00e7\u00e3o da NR-18<\/li><li>Acidente de Trabalho<\/li><li>Riscos de Acidentes na Constru\u00e7\u00e3o Civil<\/li><li>Seguran\u00e7a-responsabilidade de todos<\/li><li>Participa\u00e7\u00e3o x Compromisso<\/li><li>Normas de Seguran\u00e7a do trabalho<\/li><li>Prote\u00e7\u00f5es Coletivas e Individuais \u2013 EPC e EPI<\/li><li>No\u00e7\u00f5es B\u00e1sicas: Preven\u00e7\u00e3o e Combate \u00e0 Inc\u00eandio<\/li><li>Higiene x Sa\u00fade<\/li><li>Higiene nas \u00e1reas de viv\u00eancia<\/li><li>Acidente Zero: Nosso Objetivo<\/li><li>Trabalho em Altura \u2013 Risco de Queda<\/li><li>Consequ\u00eancias e obrigatoriedade do uso de prote\u00e7\u00f5es<\/li><li>Proibi\u00e7\u00e3o de uso de m\u00e1quinas e equipamentos por pessoas n\u00e3o autorizadas e habilitadas<\/li><li>Respeito e atitude com os colegas de trabalho, visitantes e transeuntes<\/li><li>Informa\u00e7\u00f5es sobre as condi\u00e7\u00f5es e meio ambiente de trabalho<\/li><li>Riscos inerentes a sua fun\u00e7\u00e3o<\/li><\/ul><h3><span style=\"color: #000080;\">Carga hor\u00e1ria<\/span><\/h3><ul><li style=\"list-style-type: none;\"><ul><li>8 horas<\/li><\/ul><\/li><\/ul>\t\t\t\t\t\t\t\t<\/div>\n\t\t\t\t<\/div>\n\t\t\t\t\t<\/div>\n\t\t<\/div>\n\t\t\t\t<div class=\"elementor-column elementor-col-50 elementor-top-column elementor-element elementor-element-f6053ee\" data-id=\"f6053ee\" data-element_type=\"column\" data-e-type=\"column\">\n\t\t\t<div class=\"elementor-widget-wrap elementor-element-populated\">\n\t\t\t\t\t\t<div class=\"elementor-element elementor-element-a5ca821 elementor-widget elementor-widget-text-editor\" data-id=\"a5ca821\" data-element_type=\"widget\" data-e-type=\"widget\" data-widget_type=\"text-editor.default\">\n\t\t\t\t<div class=\"elementor-widget-container\">\n\t\t\t\t\t\t\t\t\t<h3><span style=\"color: #000080;\">Certifica\u00e7\u00f5es<\/span><\/h3>\n<ul>\n \t<li>Validade 1 anos<\/li>\n<\/ul>\n<p style=\"text-align: center;\">Clique no bot\u00e3o abaixo para fazer o download do nosso plano de curso<br>NR 18<\/p>\t\t\t\t\t\t\t\t<\/div>\n\t\t\t\t<\/div>\n\t\t\t\t<div class=\"elementor-element elementor-element-9fa334a elementor-align-center elementor-widget elementor-widget-button\" data-id=\"9fa334a\" data-element_type=\"widget\" data-e-type=\"widget\" data-widget_type=\"button.default\">\n\t\t\t\t<div class=\"elementor-widget-container\">\n\t\t\t\t\t\t\t\t\t<div class=\"elementor-button-wrapper\">\n\t\t\t\t\t<a class=\"elementor-button elementor-button-link elementor-size-sm\" href=\"https:\/\/swellcontrol.com.br\/wp-content\/uploads\/2022\/08\/NR-18.pdf\" target=\"_blank\">\n\t\t\t\t\t\t<span class=\"elementor-button-content-wrapper\">\n\t\t\t\t\t\t<span class=\"elementor-button-icon\">\n\t\t\t\t<i aria-hidden=\"true\" class=\"fas fa-download\"><\/i>\t\t\t<\/span>\n\t\t\t\t\t\t\t\t\t<span class=\"elementor-button-text\">Download<\/span>\n\t\t\t\t\t<\/span>\n\t\t\t\t\t<\/a>\n\t\t\t\t<\/div>\n\t\t\t\t\t\t\t\t<\/div>\n\t\t\t\t<\/div>\n\t\t\t\t\t<\/div>\n\t\t<\/div>\n\t\t\t\t\t<\/div>\n\t\t<\/section>\n\t\t\t\t<\/div>\n\t\t","protected":false},"excerpt":{"rendered":"<p>Condi\u00e7\u00f5es e Meio Ambiente de Trabalho na Ind\u00fastria da Constru\u00e7\u00e3o NR 18 Este treinamento tem como objetivo atender a Norma Regulamentadora 18 do Minist\u00e9rio do Trabalho e Emprego que prev\u00ea [&hellip;]<\/p>\n","protected":false},"author":1,"featured_media":0,"parent":0,"menu_order":0,"comment_status":"closed","ping_status":"closed","template":"","meta":{"site-sidebar-layout":"no-sidebar","site-content-layout":"page-builder","ast-site-content-layout":"default","site-content-style":"default","site-sidebar-style":"default","ast-global-header-display":"","ast-banner-title-visibility":"","ast-main-header-display":"","ast-hfb-above-header-display":"","ast-hfb-below-header-display":"","ast-hfb-mobile-header-display":"","site-post-title":"disabled","ast-breadcrumbs-content":"","ast-featured-img":"disabled","footer-sml-layout":"","ast-disable-related-posts":"","theme-transparent-header-meta":"","adv-header-id-meta":"","stick-header-meta":"","header-above-stick-meta":"","header-main-stick-meta":"","header-below-stick-meta":"","astra-migrate-meta-layouts":"default","ast-page-background-enabled":"default","ast-page-background-meta":{"desktop":{"background-color":"","background-image":"","background-repeat":"repeat","background-position":"center center","background-size":"auto","background-attachment":"scroll","background-type":"","background-media":"","overlay-type":"","overlay-color":"","overlay-opacity":"","overlay-gradient":""},"tablet":{"background-color":"","background-image":"","background-repeat":"repeat","background-position":"center center","background-size":"auto","background-attachment":"scroll","background-type":"","background-media":"","overlay-type":"","overlay-color":"","overlay-opacity":"","overlay-gradient":""},"mobile":{"background-color":"","background-image":"","background-repeat":"repeat","background-position":"center center","background-size":"auto","background-attachment":"scroll","background-type":"","background-media":"","overlay-type":"","overlay-color":"","overlay-opacity":"","overlay-gradient":""}},"ast-content-background-meta":{"desktop":{"background-color":"var(--ast-global-color-5)","background-image":"","background-repeat":"repeat","background-position":"center center","background-size":"auto","background-attachment":"scroll","background-type":"","background-media":"","overlay-type":"","overlay-color":"","overlay-opacity":"","overlay-gradient":""},"tablet":{"background-color":"var(--ast-global-color-5)","background-image":"","background-repeat":"repeat","background-position":"center center","background-size":"auto","background-attachment":"scroll","background-type":"","background-media":"","overlay-type":"","overlay-color":"","overlay-opacity":"","overlay-gradient":""},"mobile":{"background-color":"var(--ast-global-color-5)","background-image":"","background-repeat":"repeat","background-position":"center center","background-size":"auto","background-attachment":"scroll","background-type":"","background-media":"","overlay-type":"","overlay-color":"","overlay-opacity":"","overlay-gradient":""}},"_price":"","_stock":"","_tribe_ticket_header":"","_tribe_default_ticket_provider":"","_tribe_ticket_capacity":"0","_ticket_start_date":"","_ticket_end_date":"","_tribe_ticket_show_description":"","_tribe_ticket_show_not_going":false,"_tribe_ticket_use_global_stock":"","_tribe_ticket_global_stock_level":"","_global_stock_mode":"","_global_stock_cap":"","_tribe_rsvp_for_event":"","_tribe_ticket_going_count":"","_tribe_ticket_not_going_count":"","_tribe_tickets_list":"[]","_tribe_ticket_has_attendee_info_fields":false,"footnotes":"","_tec_slr_enabled":"","_tec_slr_layout":""},"class_list":["post-5809","page","type-page","status-publish","hentry"],"jetpack_sharing_enabled":true,"ticketed":false,"_links":{"self":[{"href":"https:\/\/swellcontrol.com.br\/index.php\/wp-json\/wp\/v2\/pages\/5809","targetHints":{"allow":["GET"]}}],"collection":[{"href":"https:\/\/swellcontrol.com.br\/index.php\/wp-json\/wp\/v2\/pages"}],"about":[{"href":"https:\/\/swellcontrol.com.br\/index.php\/wp-json\/wp\/v2\/types\/page"}],"author":[{"embeddable":true,"href":"https:\/\/swellcontrol.com.br\/index.php\/wp-json\/wp\/v2\/users\/1"}],"replies":[{"embeddable":true,"href":"https:\/\/swellcontrol.com.br\/index.php\/wp-json\/wp\/v2\/comments?post=5809"}],"version-history":[{"count":4,"href":"https:\/\/swellcontrol.com.br\/index.php\/wp-json\/wp\/v2\/pages\/5809\/revisions"}],"predecessor-version":[{"id":5879,"href":"https:\/\/swellcontrol.com.br\/index.php\/wp-json\/wp\/v2\/pages\/5809\/revisions\/5879"}],"wp:attachment":[{"href":"https:\/\/swellcontrol.com.br\/index.php\/wp-json\/wp\/v2\/media?parent=5809"}],"curies":[{"name":"wp","href":"https:\/\/api.w.org\/{rel}","templated":true}]}}