{"id":5807,"date":"2022-08-02T16:46:32","date_gmt":"2022-08-02T19:46:32","guid":{"rendered":"https:\/\/swellcontrol.com.br\/?page_id=5807"},"modified":"2024-03-28T13:29:34","modified_gmt":"2024-03-28T16:29:34","slug":"nr-12-4","status":"publish","type":"page","link":"https:\/\/swellcontrol.com.br\/index.php\/nr-12-4\/","title":{"rendered":"NR 12"},"content":{"rendered":"\t\t<div data-elementor-type=\"wp-page\" data-elementor-id=\"5807\" class=\"elementor elementor-5807\" data-elementor-post-type=\"page\">\n\t\t\t\t\t\t<section class=\"elementor-section elementor-top-section elementor-element elementor-element-65cbe89c elementor-section-boxed elementor-section-height-default elementor-section-height-default\" data-id=\"65cbe89c\" data-element_type=\"section\" data-e-type=\"section\">\n\t\t\t\t\t\t<div class=\"elementor-container elementor-column-gap-default\">\n\t\t\t\t\t<div class=\"elementor-column elementor-col-50 elementor-top-column elementor-element elementor-element-9f6840e\" data-id=\"9f6840e\" data-element_type=\"column\" data-e-type=\"column\">\n\t\t\t<div class=\"elementor-widget-wrap elementor-element-populated\">\n\t\t\t\t\t\t<div class=\"elementor-element elementor-element-27124a78 elementor-widget elementor-widget-spacer\" data-id=\"27124a78\" data-element_type=\"widget\" data-e-type=\"widget\" data-widget_type=\"spacer.default\">\n\t\t\t\t<div class=\"elementor-widget-container\">\n\t\t\t\t\t\t\t<div class=\"elementor-spacer\">\n\t\t\t<div class=\"elementor-spacer-inner\"><\/div>\n\t\t<\/div>\n\t\t\t\t\t\t<\/div>\n\t\t\t\t<\/div>\n\t\t\t\t<div class=\"elementor-element elementor-element-37b3d88c elementor-widget elementor-widget-image\" data-id=\"37b3d88c\" data-element_type=\"widget\" data-e-type=\"widget\" data-widget_type=\"image.default\">\n\t\t\t\t<div class=\"elementor-widget-container\">\n\t\t\t\t\t\t\t\t\t\t\t\t\t\t\t<img fetchpriority=\"high\" decoding=\"async\" width=\"795\" height=\"529\" src=\"https:\/\/swellcontrol.com.br\/wp-content\/uploads\/2022\/07\/nr12.jpg\" class=\"attachment-full size-full wp-image-5177\" alt=\"\" srcset=\"https:\/\/swellcontrol.com.br\/wp-content\/uploads\/2022\/07\/nr12.jpg 795w, https:\/\/swellcontrol.com.br\/wp-content\/uploads\/2022\/07\/nr12-300x200.jpg 300w, https:\/\/swellcontrol.com.br\/wp-content\/uploads\/2022\/07\/nr12-768x511.jpg 768w\" sizes=\"(max-width: 795px) 100vw, 795px\" \/>\t\t\t\t\t\t\t\t\t\t\t\t\t\t\t<\/div>\n\t\t\t\t<\/div>\n\t\t\t\t\t<\/div>\n\t\t<\/div>\n\t\t\t\t<div class=\"elementor-column elementor-col-50 elementor-top-column elementor-element elementor-element-2d28ce67\" data-id=\"2d28ce67\" data-element_type=\"column\" data-e-type=\"column\">\n\t\t\t<div class=\"elementor-widget-wrap elementor-element-populated\">\n\t\t\t\t\t\t<div class=\"elementor-element elementor-element-77d530f9 elementor-widget elementor-widget-heading\" data-id=\"77d530f9\" data-element_type=\"widget\" data-e-type=\"widget\" data-widget_type=\"heading.default\">\n\t\t\t\t<div class=\"elementor-widget-container\">\n\t\t\t\t\t<h4 class=\"elementor-heading-title elementor-size-default\"><br><strong><br>Seguran\u00e7a no Trabalho em\nM\u00e1quinas e Equipamentos NR 12<br><\/strong><\/h4>\t\t\t\t<\/div>\n\t\t\t\t<\/div>\n\t\t\t\t<div class=\"elementor-element elementor-element-4a45878b elementor-widget elementor-widget-text-editor\" data-id=\"4a45878b\" data-element_type=\"widget\" data-e-type=\"widget\" data-widget_type=\"text-editor.default\">\n\t\t\t\t<div class=\"elementor-widget-container\">\n\t\t\t\t\t\t\t\t\t<p>Este treinamento tem como objetivo atender a Norma Regulamentadora 12 do Minist\u00e9rio do Trabalho e Emprego que prev\u00ea a obrigatoriedade do treinamento para os trabalhadores na opera\u00e7\u00e3o, manuten\u00e7\u00e3o, inspe\u00e7\u00f5es e demais interven\u00e7\u00f5es em m\u00e1quinas e equipamentos<\/p>\t\t\t\t\t\t\t\t<\/div>\n\t\t\t\t<\/div>\n\t\t\t\t<div class=\"elementor-element elementor-element-59039409 elementor-align-center elementor-widget elementor-widget-button\" data-id=\"59039409\" data-element_type=\"widget\" data-e-type=\"widget\" data-widget_type=\"button.default\">\n\t\t\t\t<div class=\"elementor-widget-container\">\n\t\t\t\t\t\t\t\t\t<div class=\"elementor-button-wrapper\">\n\t\t\t\t\t<a class=\"elementor-button elementor-button-link elementor-size-sm\" href=\"https:\/\/swellcontrol.com.br\/wp-content\/uploads\/2022\/07\/NR-12.pdf\" target=\"_blank\">\n\t\t\t\t\t\t<span class=\"elementor-button-content-wrapper\">\n\t\t\t\t\t\t\t\t\t<span class=\"elementor-button-text\">Inscri\u00e7\u00e3o<\/span>\n\t\t\t\t\t<\/span>\n\t\t\t\t\t<\/a>\n\t\t\t\t<\/div>\n\t\t\t\t\t\t\t\t<\/div>\n\t\t\t\t<\/div>\n\t\t\t\t\t<\/div>\n\t\t<\/div>\n\t\t\t\t\t<\/div>\n\t\t<\/section>\n\t\t\t\t<section class=\"elementor-section elementor-top-section elementor-element elementor-element-688fac8e elementor-section-boxed elementor-section-height-default elementor-section-height-default\" data-id=\"688fac8e\" data-element_type=\"section\" data-e-type=\"section\">\n\t\t\t\t\t\t<div class=\"elementor-container elementor-column-gap-default\">\n\t\t\t\t\t<div class=\"elementor-column elementor-col-50 elementor-top-column elementor-element elementor-element-21c4820c\" data-id=\"21c4820c\" data-element_type=\"column\" data-e-type=\"column\">\n\t\t\t<div class=\"elementor-widget-wrap elementor-element-populated\">\n\t\t\t\t\t\t<div class=\"elementor-element elementor-element-479a9831 elementor-widget elementor-widget-text-editor\" data-id=\"479a9831\" data-element_type=\"widget\" data-e-type=\"widget\" data-widget_type=\"text-editor.default\">\n\t\t\t\t<div class=\"elementor-widget-container\">\n\t\t\t\t\t\t\t\t\t<h3><span style=\"color: #000080;\"><strong>Conte\u00fado do curso<\/strong><\/span><\/h3>\n<ul>\n \t<li>Descri\u00e7\u00f5es e identifica\u00e7\u00e3o dos riscos associados com cada m\u00e1quina e equipamento e as prote\u00e7\u00f5es espec\u00edficas contra cada um deles;<\/li>\n \t<li>Funcionamento das Prote\u00e7\u00f5es;<\/li>\n \t<li>Os princ\u00edpios de seguran\u00e7a na utiliza\u00e7\u00e3o da m\u00e1quina ou equipamento;<\/li>\n \t<li>Seguran\u00e7a para riscos mec\u00e2nicos, el\u00e9tricos e outros relevantes;<\/li>\n \t<li>M\u00e9todo de Trabalho seguro;<\/li>\n \t<li>Permiss\u00e3o de Trabalho;<\/li>\n \t<li>OS-Ordem de Servi\u00e7o Sistema de bloqueio e funcionamento da m\u00e1quina e equipamento durante opera\u00e7\u00e3o de inspe\u00e7\u00e3o e limpeza, lubrifica\u00e7\u00e3o e manuten\u00e7\u00e3o;<\/li>\n \t<li>No\u00e7\u00f5es sobre acidentes e doen\u00e7as decorrente da exposi\u00e7\u00e3o dos riscos existentes;<\/li>\n \t<li>EPI e EPC;<\/li>\n \t<li>Sinaliza\u00e7\u00e3o de Seguran\u00e7a;<\/li>\n \t<li>Procedimentos em situa\u00e7\u00e3o de emerg\u00eancia;<\/li>\n \t<li>No\u00e7\u00f5es b\u00e1sicas de Primeiros Socorros;<\/li>\n \t<li>Como proceder em caso de emerg\u00eancias com m\u00e1quinas;<\/li>\n \t<li>Inspe\u00e7\u00e3o de M\u00e1quinas\/Equipamentos;<\/li>\n<\/ul>\n<h3><span style=\"color: #000080;\"><strong>Carga hor\u00e1ria<\/strong><\/span><\/h3>\n<ul>\n \t<li style=\"list-style-type: none;\">\n<ul>\n \t<li>8 horas<\/li>\n<\/ul>\n<\/li>\n<\/ul>\t\t\t\t\t\t\t\t<\/div>\n\t\t\t\t<\/div>\n\t\t\t\t\t<\/div>\n\t\t<\/div>\n\t\t\t\t<div class=\"elementor-column elementor-col-50 elementor-top-column elementor-element elementor-element-48b49051\" data-id=\"48b49051\" data-element_type=\"column\" data-e-type=\"column\">\n\t\t\t<div class=\"elementor-widget-wrap elementor-element-populated\">\n\t\t\t\t\t\t<div class=\"elementor-element elementor-element-3eb228f elementor-widget elementor-widget-text-editor\" data-id=\"3eb228f\" data-element_type=\"widget\" data-e-type=\"widget\" data-widget_type=\"text-editor.default\">\n\t\t\t\t<div class=\"elementor-widget-container\">\n\t\t\t\t\t\t\t\t\t<h3><span style=\"color: #000080; font-size: 1.66667rem; font-style: inherit; background-color: var(--ast-global-color-4);\"><strong>Certifica\u00e7\u00f5es<\/strong><\/span><\/h3>\n<ul>\n \t<li>Validade 1 ano<\/li>\n<\/ul>\n<p style=\"text-align: center;\">Clique no bot\u00e3o abaixo para fazer o download do nosso plano de curso\n\nNR 12<\/p>\t\t\t\t\t\t\t\t<\/div>\n\t\t\t\t<\/div>\n\t\t\t\t<div class=\"elementor-element elementor-element-f25402f elementor-align-center elementor-widget elementor-widget-button\" data-id=\"f25402f\" data-element_type=\"widget\" data-e-type=\"widget\" data-widget_type=\"button.default\">\n\t\t\t\t<div class=\"elementor-widget-container\">\n\t\t\t\t\t\t\t\t\t<div class=\"elementor-button-wrapper\">\n\t\t\t\t\t<a class=\"elementor-button elementor-button-link elementor-size-sm\" href=\"https:\/\/swellcontrol.com.br\/wp-content\/uploads\/2022\/08\/NR-12-1.pdf\" target=\"_blank\">\n\t\t\t\t\t\t<span class=\"elementor-button-content-wrapper\">\n\t\t\t\t\t\t<span class=\"elementor-button-icon\">\n\t\t\t\t<i aria-hidden=\"true\" class=\"fas fa-download\"><\/i>\t\t\t<\/span>\n\t\t\t\t\t\t\t\t\t<span class=\"elementor-button-text\">Download<\/span>\n\t\t\t\t\t<\/span>\n\t\t\t\t\t<\/a>\n\t\t\t\t<\/div>\n\t\t\t\t\t\t\t\t<\/div>\n\t\t\t\t<\/div>\n\t\t\t\t\t<\/div>\n\t\t<\/div>\n\t\t\t\t\t<\/div>\n\t\t<\/section>\n\t\t\t\t<\/div>\n\t\t","protected":false},"excerpt":{"rendered":"<p>Seguran\u00e7a no Trabalho em M\u00e1quinas e Equipamentos NR 12 Este treinamento tem como objetivo atender a Norma Regulamentadora 12 do Minist\u00e9rio do Trabalho e Emprego que prev\u00ea a obrigatoriedade do [&hellip;]<\/p>\n","protected":false},"author":1,"featured_media":0,"parent":0,"menu_order":0,"comment_status":"closed","ping_status":"closed","template":"","meta":{"site-sidebar-layout":"no-sidebar","site-content-layout":"page-builder","ast-site-content-layout":"default","site-content-style":"default","site-sidebar-style":"default","ast-global-header-display":"","ast-banner-title-visibility":"","ast-main-header-display":"","ast-hfb-above-header-display":"","ast-hfb-below-header-display":"","ast-hfb-mobile-header-display":"","site-post-title":"disabled","ast-breadcrumbs-content":"","ast-featured-img":"disabled","footer-sml-layout":"","ast-disable-related-posts":"","theme-transparent-header-meta":"","adv-header-id-meta":"","stick-header-meta":"","header-above-stick-meta":"","header-main-stick-meta":"","header-below-stick-meta":"","astra-migrate-meta-layouts":"default","ast-page-background-enabled":"default","ast-page-background-meta":{"desktop":{"background-color":"","background-image":"","background-repeat":"repeat","background-position":"center center","background-size":"auto","background-attachment":"scroll","background-type":"","background-media":"","overlay-type":"","overlay-color":"","overlay-opacity":"","overlay-gradient":""},"tablet":{"background-color":"","background-image":"","background-repeat":"repeat","background-position":"center center","background-size":"auto","background-attachment":"scroll","background-type":"","background-media":"","overlay-type":"","overlay-color":"","overlay-opacity":"","overlay-gradient":""},"mobile":{"background-color":"","background-image":"","background-repeat":"repeat","background-position":"center center","background-size":"auto","background-attachment":"scroll","background-type":"","background-media":"","overlay-type":"","overlay-color":"","overlay-opacity":"","overlay-gradient":""}},"ast-content-background-meta":{"desktop":{"background-color":"var(--ast-global-color-5)","background-image":"","background-repeat":"repeat","background-position":"center center","background-size":"auto","background-attachment":"scroll","background-type":"","background-media":"","overlay-type":"","overlay-color":"","overlay-opacity":"","overlay-gradient":""},"tablet":{"background-color":"var(--ast-global-color-5)","background-image":"","background-repeat":"repeat","background-position":"center center","background-size":"auto","background-attachment":"scroll","background-type":"","background-media":"","overlay-type":"","overlay-color":"","overlay-opacity":"","overlay-gradient":""},"mobile":{"background-color":"var(--ast-global-color-5)","background-image":"","background-repeat":"repeat","background-position":"center center","background-size":"auto","background-attachment":"scroll","background-type":"","background-media":"","overlay-type":"","overlay-color":"","overlay-opacity":"","overlay-gradient":""}},"_price":"","_stock":"","_tribe_ticket_header":"","_tribe_default_ticket_provider":"","_tribe_ticket_capacity":"0","_ticket_start_date":"","_ticket_end_date":"","_tribe_ticket_show_description":"","_tribe_ticket_show_not_going":false,"_tribe_ticket_use_global_stock":"","_tribe_ticket_global_stock_level":"","_global_stock_mode":"","_global_stock_cap":"","_tribe_rsvp_for_event":"","_tribe_ticket_going_count":"","_tribe_ticket_not_going_count":"","_tribe_tickets_list":"[]","_tribe_ticket_has_attendee_info_fields":false,"footnotes":"","_tec_slr_enabled":"","_tec_slr_layout":""},"class_list":["post-5807","page","type-page","status-publish","hentry"],"jetpack_sharing_enabled":true,"ticketed":false,"_links":{"self":[{"href":"https:\/\/swellcontrol.com.br\/index.php\/wp-json\/wp\/v2\/pages\/5807","targetHints":{"allow":["GET"]}}],"collection":[{"href":"https:\/\/swellcontrol.com.br\/index.php\/wp-json\/wp\/v2\/pages"}],"about":[{"href":"https:\/\/swellcontrol.com.br\/index.php\/wp-json\/wp\/v2\/types\/page"}],"author":[{"embeddable":true,"href":"https:\/\/swellcontrol.com.br\/index.php\/wp-json\/wp\/v2\/users\/1"}],"replies":[{"embeddable":true,"href":"https:\/\/swellcontrol.com.br\/index.php\/wp-json\/wp\/v2\/comments?post=5807"}],"version-history":[{"count":19,"href":"https:\/\/swellcontrol.com.br\/index.php\/wp-json\/wp\/v2\/pages\/5807\/revisions"}],"predecessor-version":[{"id":6757,"href":"https:\/\/swellcontrol.com.br\/index.php\/wp-json\/wp\/v2\/pages\/5807\/revisions\/6757"}],"wp:attachment":[{"href":"https:\/\/swellcontrol.com.br\/index.php\/wp-json\/wp\/v2\/media?parent=5807"}],"curies":[{"name":"wp","href":"https:\/\/api.w.org\/{rel}","templated":true}]}}