{"id":5018,"date":"2022-07-28T16:38:52","date_gmt":"2022-07-28T19:38:52","guid":{"rendered":"https:\/\/swellcontrol.com.br\/?page_id=5018"},"modified":"2024-05-07T15:51:41","modified_gmt":"2024-05-07T18:51:41","slug":"well-servicing-workover","status":"publish","type":"page","link":"https:\/\/swellcontrol.com.br\/index.php\/well-servicing-workover\/","title":{"rendered":"Well Servicing Workover"},"content":{"rendered":"\t\t<div data-elementor-type=\"wp-page\" data-elementor-id=\"5018\" class=\"elementor elementor-5018\" data-elementor-post-type=\"page\">\n\t\t\t\t\t\t<section class=\"elementor-section elementor-top-section elementor-element elementor-element-fba022c elementor-section-boxed elementor-section-height-default elementor-section-height-default\" data-id=\"fba022c\" data-element_type=\"section\" data-e-type=\"section\">\n\t\t\t\t\t\t<div class=\"elementor-container elementor-column-gap-default\">\n\t\t\t\t\t<div class=\"elementor-column elementor-col-50 elementor-top-column elementor-element elementor-element-3fd5b01\" data-id=\"3fd5b01\" data-element_type=\"column\" data-e-type=\"column\">\n\t\t\t<div class=\"elementor-widget-wrap elementor-element-populated\">\n\t\t\t\t\t\t<div class=\"elementor-element elementor-element-79bae52 elementor-widget elementor-widget-image\" data-id=\"79bae52\" data-element_type=\"widget\" data-e-type=\"widget\" data-widget_type=\"image.default\">\n\t\t\t\t<div class=\"elementor-widget-container\">\n\t\t\t\t\t\t\t\t\t\t\t\t\t\t\t<img fetchpriority=\"high\" decoding=\"async\" width=\"1024\" height=\"620\" src=\"https:\/\/swellcontrol.com.br\/wp-content\/uploads\/2022\/07\/WSW.jpg\" class=\"attachment-full size-full wp-image-4438\" alt=\"\" srcset=\"https:\/\/swellcontrol.com.br\/wp-content\/uploads\/2022\/07\/WSW.jpg 1024w, https:\/\/swellcontrol.com.br\/wp-content\/uploads\/2022\/07\/WSW-300x182.jpg 300w, https:\/\/swellcontrol.com.br\/wp-content\/uploads\/2022\/07\/WSW-768x465.jpg 768w\" sizes=\"(max-width: 1024px) 100vw, 1024px\" \/>\t\t\t\t\t\t\t\t\t\t\t\t\t\t\t<\/div>\n\t\t\t\t<\/div>\n\t\t\t\t\t<\/div>\n\t\t<\/div>\n\t\t\t\t<div class=\"elementor-column elementor-col-50 elementor-top-column elementor-element elementor-element-1c4df3b\" data-id=\"1c4df3b\" data-element_type=\"column\" data-e-type=\"column\">\n\t\t\t<div class=\"elementor-widget-wrap elementor-element-populated\">\n\t\t\t\t\t\t<div class=\"elementor-element elementor-element-81acdc5 elementor-widget elementor-widget-heading\" data-id=\"81acdc5\" data-element_type=\"widget\" data-e-type=\"widget\" data-widget_type=\"heading.default\">\n\t\t\t\t<div class=\"elementor-widget-container\">\n\t\t\t\t\t<h4 class=\"elementor-heading-title elementor-size-default\"><strong>Well Control<br> Servicing Workover<\/strong><\/h4>\t\t\t\t<\/div>\n\t\t\t\t<\/div>\n\t\t\t\t<div class=\"elementor-element elementor-element-00c9c73 elementor-widget elementor-widget-text-editor\" data-id=\"00c9c73\" data-element_type=\"widget\" data-e-type=\"widget\" data-widget_type=\"text-editor.default\">\n\t\t\t\t<div class=\"elementor-widget-container\">\n\t\t\t\t\t\t\t\t\t<p>O curso de Well Control oferecido pelo programa IADC WellSharp no n\u00edvel de Well Servicing Workover \u00e9 uma especializa\u00e7\u00e3o voltada para profissionais que atuam em servi\u00e7os de po\u00e7os e interven\u00e7\u00f5es. Este curso aborda os desafios espec\u00edficos encontrados nessas opera\u00e7\u00f5es, fornecendo uma compreens\u00e3o aprofundada dos princ\u00edpios e pr\u00e1ticas de controle de po\u00e7o adaptados para well servicing workover.<\/p><p>Durante o curso, os participantes s\u00e3o treinados em an\u00e1lise de influxo, m\u00e9todos de circula\u00e7\u00e3o e procedimentos de controle de po\u00e7o espec\u00edficos para interven\u00e7\u00f5es em po\u00e7os. Al\u00e9m disso, eles aprendem sobre o uso seguro e eficaz de equipamentos de controle de po\u00e7o relacionados ao well servicing workover, bem como pr\u00e1ticas de seguran\u00e7a e resposta a emerg\u00eancias adaptadas para essas opera\u00e7\u00f5es.<\/p><p>Por meio de simula\u00e7\u00f5es pr\u00e1ticas e estudos de caso, os participantes s\u00e3o preparados para enfrentar desafios comuns encontrados em interven\u00e7\u00f5es de po\u00e7os, garantindo a seguran\u00e7a e efic\u00e1cia das opera\u00e7\u00f5es. Ao concluir o curso, os profissionais de well servicing workover estar\u00e3o equipados com as habilidades e conhecimentos necess\u00e1rios para executar suas fun\u00e7\u00f5es de forma segura e eficiente em ambientes desafiadores de interven\u00e7\u00e3o em po\u00e7os.<\/p><p>O curso de Well Control pelo programa IADC WellSharp no n\u00edvel de Well Servicing Workover \u00e9 espec\u00edfico para profissionais que trabalham em servi\u00e7os de po\u00e7os e interven\u00e7\u00f5es, abordando os desafios \u00fanicos encontrados nessas opera\u00e7\u00f5es.<\/p>\t\t\t\t\t\t\t\t<\/div>\n\t\t\t\t<\/div>\n\t\t\t\t<div class=\"elementor-element elementor-element-e50345f elementor-align-center elementor-widget elementor-widget-button\" data-id=\"e50345f\" data-element_type=\"widget\" data-e-type=\"widget\" data-widget_type=\"button.default\">\n\t\t\t\t<div class=\"elementor-widget-container\">\n\t\t\t\t\t\t\t\t\t<div class=\"elementor-button-wrapper\">\n\t\t\t\t\t<a class=\"elementor-button elementor-button-link elementor-size-sm\" href=\"https:\/\/api.whatsapp.com\/send?phone=557140404080\">\n\t\t\t\t\t\t<span class=\"elementor-button-content-wrapper\">\n\t\t\t\t\t\t\t\t\t<span class=\"elementor-button-text\">Inscri\u00e7\u00e3o<\/span>\n\t\t\t\t\t<\/span>\n\t\t\t\t\t<\/a>\n\t\t\t\t<\/div>\n\t\t\t\t\t\t\t\t<\/div>\n\t\t\t\t<\/div>\n\t\t\t\t\t<\/div>\n\t\t<\/div>\n\t\t\t\t\t<\/div>\n\t\t<\/section>\n\t\t\t\t<section class=\"elementor-section elementor-top-section elementor-element elementor-element-41b873ee elementor-section-boxed elementor-section-height-default elementor-section-height-default\" data-id=\"41b873ee\" data-element_type=\"section\" data-e-type=\"section\">\n\t\t\t\t\t\t<div class=\"elementor-container elementor-column-gap-default\">\n\t\t\t\t\t<div class=\"elementor-column elementor-col-50 elementor-top-column elementor-element elementor-element-57cf4a8f\" data-id=\"57cf4a8f\" data-element_type=\"column\" data-e-type=\"column\">\n\t\t\t<div class=\"elementor-widget-wrap elementor-element-populated\">\n\t\t\t\t\t\t<div class=\"elementor-element elementor-element-69e57797 elementor-widget elementor-widget-text-editor\" data-id=\"69e57797\" data-element_type=\"widget\" data-e-type=\"widget\" data-widget_type=\"text-editor.default\">\n\t\t\t\t<div class=\"elementor-widget-container\">\n\t\t\t\t\t\t\t\t\t<h3><span style=\"color: #000080;\"><strong>Conte\u00fado do curso<\/strong><\/span><\/h3><ul><li>Revis\u00e3o dos princ\u00edpios fundamentais de controle de po\u00e7o, adaptados para opera\u00e7\u00f5es de well servicing workover.<\/li><li>An\u00e1lise de influxo e m\u00e9todos de circula\u00e7\u00e3o aplicados a cen\u00e1rios de interven\u00e7\u00e3o em po\u00e7os.<\/li><li>Planejamento e execu\u00e7\u00e3o de opera\u00e7\u00f5es de controle de po\u00e7o durante servi\u00e7os de po\u00e7os e interven\u00e7\u00f5es.<\/li><li>Uso e manuseio seguro de equipamentos de controle de po\u00e7o espec\u00edficos para well servicing workover.<\/li><li>Procedimentos de resposta a emerg\u00eancias durante interven\u00e7\u00f5es em po\u00e7os.<\/li><li>Pr\u00e1ticas de seguran\u00e7a e preven\u00e7\u00e3o de acidentes em ambientes de well servicing workover.\u00a0<\/li><li>Simula\u00e7\u00f5es pr\u00e1ticas de cen\u00e1rios comuns encontrados em opera\u00e7\u00f5es de interven\u00e7\u00e3o em po\u00e7os.<\/li><li>Estudos de caso de incidentes reais e li\u00e7\u00f5es aprendidas espec\u00edficas para well servicing workover.<\/li><\/ul><h3><span style=\"color: #000080;\"><strong>Carga hor\u00e1ria<\/strong><\/span><\/h3><ul><li style=\"list-style-type: none;\"><ul><li><p class=\"p1\">24 \u00e0 32 horas<\/p><\/li><\/ul><\/li><\/ul>\t\t\t\t\t\t\t\t<\/div>\n\t\t\t\t<\/div>\n\t\t\t\t\t<\/div>\n\t\t<\/div>\n\t\t\t\t<div class=\"elementor-column elementor-col-50 elementor-top-column elementor-element elementor-element-1cb3dd0f\" data-id=\"1cb3dd0f\" data-element_type=\"column\" data-e-type=\"column\">\n\t\t\t<div class=\"elementor-widget-wrap elementor-element-populated\">\n\t\t\t\t\t\t<div class=\"elementor-element elementor-element-25f2bb7f elementor-widget elementor-widget-text-editor\" data-id=\"25f2bb7f\" data-element_type=\"widget\" data-e-type=\"widget\" data-widget_type=\"text-editor.default\">\n\t\t\t\t<div class=\"elementor-widget-container\">\n\t\t\t\t\t\t\t\t\t<h3><span style=\"color: #000080;\"><strong>P\u00fablico alvo<\/strong><\/span><\/h3>\n<ul>\n<li>Sondador<\/li>\n<li>Assistente de sondador<\/li>\n<li>Engenheiro de Workover<\/li>\n<li>Operador de Wireline \/ Slickline<\/li>\n<li>Operador de equipamento de &#8220;Flexitubo&#8221;<\/li>\n<li>Encarregado\/supervisor da interven\u00e7\u00e3o (completa\u00e7\u00e3o ou \u201cworkover\u201d)<\/li>\n<li>Gerente operacional da sonda<\/li>\n<li>Mesa Rigless<\/li>\n<li>Encarregado\/supervisor de \u201cwell testing\u201d<\/li>\n<li>Encarregado\/supervisor de opera\u00e7\u00f5es de flexitubo e\/ou \u201csnubbing&#8221;<\/li>\n<li>Operador de sonda de produ\u00e7\u00e3o;<\/li>\n<li>Operador de unidade de Fraturamento Hidr\u00e1ulico;<\/li>\n<li>Supervisor de bombeio;<\/li>\n<li>Supervisor de unidade hidr\u00e1ulica de Workover.<\/li>\n<\/ul>\n<h3><span style=\"color: #000080;\"><strong>Certifica\u00e7\u00f5es<\/strong><\/span><\/h3>\n<ul>\n<li>IADC WellSharp<\/li>\n<li>SWC School Of Well Control<\/li>\n<li>Validade 2 anos<\/li>\n<\/ul>\t\t\t\t\t\t\t\t<\/div>\n\t\t\t\t<\/div>\n\t\t\t\t<div class=\"elementor-element elementor-element-e5a825c elementor-widget elementor-widget-text-editor\" data-id=\"e5a825c\" data-element_type=\"widget\" data-e-type=\"widget\" data-widget_type=\"text-editor.default\">\n\t\t\t\t<div class=\"elementor-widget-container\">\n\t\t\t\t\t\t\t\t\t<p style=\"text-align: center;\">Clique no bot\u00e3o de Download abaixo para baixar o plano do curso<\/p>\t\t\t\t\t\t\t\t<\/div>\n\t\t\t\t<\/div>\n\t\t\t\t<div class=\"elementor-element elementor-element-99d580b elementor-align-center elementor-widget elementor-widget-button\" data-id=\"99d580b\" data-element_type=\"widget\" data-e-type=\"widget\" data-widget_type=\"button.default\">\n\t\t\t\t<div class=\"elementor-widget-container\">\n\t\t\t\t\t\t\t\t\t<div class=\"elementor-button-wrapper\">\n\t\t\t\t\t<a class=\"elementor-button elementor-button-link elementor-size-sm\" href=\"https:\/\/swellcontrol.com.br\/wp-content\/uploads\/2024\/05\/WSW.pdf\" target=\"_blank\">\n\t\t\t\t\t\t<span class=\"elementor-button-content-wrapper\">\n\t\t\t\t\t\t<span class=\"elementor-button-icon\">\n\t\t\t\t<i aria-hidden=\"true\" class=\"fas fa-download\"><\/i>\t\t\t<\/span>\n\t\t\t\t\t\t\t\t\t<span class=\"elementor-button-text\">Download<\/span>\n\t\t\t\t\t<\/span>\n\t\t\t\t\t<\/a>\n\t\t\t\t<\/div>\n\t\t\t\t\t\t\t\t<\/div>\n\t\t\t\t<\/div>\n\t\t\t\t\t<\/div>\n\t\t<\/div>\n\t\t\t\t\t<\/div>\n\t\t<\/section>\n\t\t\t\t<\/div>\n\t\t","protected":false},"excerpt":{"rendered":"<p>Well Control Servicing Workover O curso de Well Control oferecido pelo programa IADC WellSharp no n\u00edvel de Well Servicing Workover \u00e9 uma especializa\u00e7\u00e3o voltada para profissionais que atuam em servi\u00e7os [&hellip;]<\/p>\n","protected":false},"author":1,"featured_media":0,"parent":0,"menu_order":0,"comment_status":"closed","ping_status":"closed","template":"","meta":{"site-sidebar-layout":"no-sidebar","site-content-layout":"page-builder","ast-site-content-layout":"default","site-content-style":"default","site-sidebar-style":"default","ast-global-header-display":"","ast-banner-title-visibility":"","ast-main-header-display":"","ast-hfb-above-header-display":"","ast-hfb-below-header-display":"","ast-hfb-mobile-header-display":"","site-post-title":"disabled","ast-breadcrumbs-content":"","ast-featured-img":"disabled","footer-sml-layout":"","ast-disable-related-posts":"","theme-transparent-header-meta":"","adv-header-id-meta":"","stick-header-meta":"","header-above-stick-meta":"","header-main-stick-meta":"","header-below-stick-meta":"","astra-migrate-meta-layouts":"default","ast-page-background-enabled":"default","ast-page-background-meta":{"desktop":{"background-color":"","background-image":"","background-repeat":"repeat","background-position":"center center","background-size":"auto","background-attachment":"scroll","background-type":"","background-media":"","overlay-type":"","overlay-color":"","overlay-opacity":"","overlay-gradient":""},"tablet":{"background-color":"","background-image":"","background-repeat":"repeat","background-position":"center center","background-size":"auto","background-attachment":"scroll","background-type":"","background-media":"","overlay-type":"","overlay-color":"","overlay-opacity":"","overlay-gradient":""},"mobile":{"background-color":"","background-image":"","background-repeat":"repeat","background-position":"center center","background-size":"auto","background-attachment":"scroll","background-type":"","background-media":"","overlay-type":"","overlay-color":"","overlay-opacity":"","overlay-gradient":""}},"ast-content-background-meta":{"desktop":{"background-color":"var(--ast-global-color-5)","background-image":"","background-repeat":"repeat","background-position":"center center","background-size":"auto","background-attachment":"scroll","background-type":"","background-media":"","overlay-type":"","overlay-color":"","overlay-opacity":"","overlay-gradient":""},"tablet":{"background-color":"var(--ast-global-color-5)","background-image":"","background-repeat":"repeat","background-position":"center center","background-size":"auto","background-attachment":"scroll","background-type":"","background-media":"","overlay-type":"","overlay-color":"","overlay-opacity":"","overlay-gradient":""},"mobile":{"background-color":"var(--ast-global-color-5)","background-image":"","background-repeat":"repeat","background-position":"center center","background-size":"auto","background-attachment":"scroll","background-type":"","background-media":"","overlay-type":"","overlay-color":"","overlay-opacity":"","overlay-gradient":""}},"_price":"","_stock":"","_tribe_ticket_header":"","_tribe_default_ticket_provider":"","_tribe_ticket_capacity":"0","_ticket_start_date":"","_ticket_end_date":"","_tribe_ticket_show_description":"","_tribe_ticket_show_not_going":false,"_tribe_ticket_use_global_stock":"","_tribe_ticket_global_stock_level":"","_global_stock_mode":"","_global_stock_cap":"","_tribe_rsvp_for_event":"","_tribe_ticket_going_count":"","_tribe_ticket_not_going_count":"","_tribe_tickets_list":"[]","_tribe_ticket_has_attendee_info_fields":false,"footnotes":"","_tec_slr_enabled":"","_tec_slr_layout":""},"class_list":["post-5018","page","type-page","status-publish","hentry"],"jetpack_sharing_enabled":true,"ticketed":false,"_links":{"self":[{"href":"https:\/\/swellcontrol.com.br\/index.php\/wp-json\/wp\/v2\/pages\/5018","targetHints":{"allow":["GET"]}}],"collection":[{"href":"https:\/\/swellcontrol.com.br\/index.php\/wp-json\/wp\/v2\/pages"}],"about":[{"href":"https:\/\/swellcontrol.com.br\/index.php\/wp-json\/wp\/v2\/types\/page"}],"author":[{"embeddable":true,"href":"https:\/\/swellcontrol.com.br\/index.php\/wp-json\/wp\/v2\/users\/1"}],"replies":[{"embeddable":true,"href":"https:\/\/swellcontrol.com.br\/index.php\/wp-json\/wp\/v2\/comments?post=5018"}],"version-history":[{"count":82,"href":"https:\/\/swellcontrol.com.br\/index.php\/wp-json\/wp\/v2\/pages\/5018\/revisions"}],"predecessor-version":[{"id":7101,"href":"https:\/\/swellcontrol.com.br\/index.php\/wp-json\/wp\/v2\/pages\/5018\/revisions\/7101"}],"wp:attachment":[{"href":"https:\/\/swellcontrol.com.br\/index.php\/wp-json\/wp\/v2\/media?parent=5018"}],"curies":[{"name":"wp","href":"https:\/\/api.w.org\/{rel}","templated":true}]}}