{"id":3902,"date":"2022-07-21T12:05:37","date_gmt":"2022-07-21T15:05:37","guid":{"rendered":"https:\/\/swellcontrol.com.br\/?page_id=3902"},"modified":"2024-03-28T13:20:27","modified_gmt":"2024-03-28T16:20:27","slug":"sobre-2","status":"publish","type":"page","link":"https:\/\/swellcontrol.com.br\/index.php\/sobre-2\/","title":{"rendered":"Sobre"},"content":{"rendered":"\t\t<div data-elementor-type=\"wp-page\" data-elementor-id=\"3902\" class=\"elementor elementor-3902\" data-elementor-post-type=\"page\">\n\t\t\t\t\t\t<section class=\"elementor-section elementor-top-section elementor-element elementor-element-3bfbae2 elementor-section-boxed elementor-section-height-default elementor-section-height-default\" data-id=\"3bfbae2\" data-element_type=\"section\" data-e-type=\"section\">\n\t\t\t\t\t\t<div class=\"elementor-container elementor-column-gap-default\">\n\t\t\t\t\t<div class=\"elementor-column elementor-col-50 elementor-top-column elementor-element elementor-element-340f89d\" data-id=\"340f89d\" data-element_type=\"column\" data-e-type=\"column\">\n\t\t\t<div class=\"elementor-widget-wrap elementor-element-populated\">\n\t\t\t\t\t\t<div class=\"elementor-element elementor-element-d873e28 elementor-invisible elementor-widget elementor-widget-text-editor\" data-id=\"d873e28\" data-element_type=\"widget\" data-e-type=\"widget\" data-settings=\"{&quot;_animation&quot;:&quot;fadeInDown&quot;}\" data-widget_type=\"text-editor.default\">\n\t\t\t\t<div class=\"elementor-widget-container\">\n\t\t\t\t\t\t\t\t\t<h4 style=\"text-align: center;\"><strong>Sobre a empresa<\/strong><\/h4><p>Fundada em 2006, a SWC \u00e9 uma empresa brasileira que presta servi\u00e7os, consultoria, treinamento e suprimentos relacionados \u00e0 seguran\u00e7a de po\u00e7os na ind\u00fastria de petr\u00f3leo. Oferecemos \u00e0 ind\u00fastria petrol\u00edfera da Am\u00e9rica Latina uma gama completa de solu\u00e7\u00f5es para melhor desempenho em Controle de Po\u00e7os, treinamento credenciado pelo IADC \u2013 International Association Drilling Contractor. Com sua base principal localizada na cidade de Catu no estado da Bahia e com centros de treinamento permanentes localizados na Bahia, Sergipe e Rio Grande do Norte. A SWC busca incessantemente desenvolver e apresentar servi\u00e7os, produtos e insumos que atendam \u00e0s demandas de produtividade, desempenho e economia de nossos clientes.<\/p>\t\t\t\t\t\t\t\t<\/div>\n\t\t\t\t<\/div>\n\t\t\t\t\t<\/div>\n\t\t<\/div>\n\t\t\t\t<div class=\"elementor-column elementor-col-50 elementor-top-column elementor-element elementor-element-e4bcf5d\" data-id=\"e4bcf5d\" data-element_type=\"column\" data-e-type=\"column\">\n\t\t\t<div class=\"elementor-widget-wrap elementor-element-populated\">\n\t\t\t\t\t\t<div class=\"elementor-element elementor-element-3611e0c elementor-invisible elementor-widget elementor-widget-image\" data-id=\"3611e0c\" data-element_type=\"widget\" data-e-type=\"widget\" data-settings=\"{&quot;_animation&quot;:&quot;fadeInDown&quot;}\" data-widget_type=\"image.default\">\n\t\t\t\t<div class=\"elementor-widget-container\">\n\t\t\t\t\t\t\t\t\t\t\t\t\t\t\t<img decoding=\"async\" src=\"https:\/\/swellcontrol.com.br\/wp-content\/uploads\/elementor\/thumbs\/LOGO-SWC-2016-OFICIAL-przv8cmgkck7sh6529bv0wokqdga4zjkhnqvkgm4na.png\" title=\"LOGO SWC 2016 OFICIAL\" alt=\"LOGO SWC 2016 OFICIAL\" loading=\"lazy\" \/>\t\t\t\t\t\t\t\t\t\t\t\t\t\t\t<\/div>\n\t\t\t\t<\/div>\n\t\t\t\t\t<\/div>\n\t\t<\/div>\n\t\t\t\t\t<\/div>\n\t\t<\/section>\n\t\t\t\t<section class=\"elementor-section elementor-top-section elementor-element elementor-element-026acca elementor-section-boxed elementor-section-height-default elementor-section-height-default\" data-id=\"026acca\" data-element_type=\"section\" data-e-type=\"section\">\n\t\t\t\t\t\t<div class=\"elementor-container elementor-column-gap-default\">\n\t\t\t\t\t<div class=\"elementor-column elementor-col-100 elementor-top-column elementor-element elementor-element-ab3f693\" data-id=\"ab3f693\" data-element_type=\"column\" data-e-type=\"column\">\n\t\t\t<div class=\"elementor-widget-wrap elementor-element-populated\">\n\t\t\t\t\t\t<div class=\"elementor-element elementor-element-51090bf elementor-invisible elementor-widget elementor-widget-text-editor\" data-id=\"51090bf\" data-element_type=\"widget\" data-e-type=\"widget\" data-settings=\"{&quot;_animation&quot;:&quot;fadeInDown&quot;}\" data-widget_type=\"text-editor.default\">\n\t\t\t\t<div class=\"elementor-widget-container\">\n\t\t\t\t\t\t\t\t\t<h4 style=\"text-align: center;\"><b>Pol\u00edtica Sistema de Gest\u00e3o Integrada<\/b><\/h4>\n<p>A SWC \u2013 Service of Well Control busca assegurar um diferencial competitivo a partir da qualidade dos seus servi\u00e7os aos seus clientes, garantindo a promo\u00e7\u00e3o da seguran\u00e7a, sa\u00fade e bem-estar de todos os seus colaboradores e clientes envolvidos nas atividades e servi\u00e7os promovidos pela empresa e pela preserva\u00e7\u00e3o do meio ambiente. Para isso, tem o compromisso de:<\/p>\n<ul>\n<li>Promover a satisfa\u00e7\u00e3o dos clientes, superando suas expectativas atrav\u00e9s da realiza\u00e7\u00e3o de treinamentos com qualidade e excel\u00eancia;&nbsp;<\/li>\n<li>Promover um clima de comunica\u00e7\u00e3o aberta, dentro de um ambiente de trabalho em equipe;&nbsp;<\/li>\n<li>Reduzir os impactos ambientais associados \u00e0 realiza\u00e7\u00e3o das atividades internas e externas;&nbsp;<\/li>\n<li>Compreender a qualidade como um modelo de gest\u00e3o baseado na melhoria cont\u00ednua da qualidade&nbsp;<\/li>\n<li>Cumprir com a legisla\u00e7\u00e3o Aplic\u00e1vel;&nbsp;<\/li>\n<li>Promover a\u00e7\u00f5es sustent\u00e1veis no cotidiano da empresa, buscando proteger o meio ambiente, incluindo a preven\u00e7\u00e3o da polui\u00e7\u00e3o;&nbsp;<\/li>\n<li>Promover espa\u00e7os seguros e ergon\u00f4micos para os trabalhadores durante toda a execu\u00e7\u00e3o dos servi\u00e7os oferecidos pela empresa;<\/li>\n<li>Eliminar perigos e reduzir riscos associados \u00e0s atividades a fim de resguardar a sa\u00fade dos trabalhadores;&nbsp;<\/li>\n<li>Preservar a transpar\u00eancia e a \u00e9tica.<\/li>\n<\/ul>\t\t\t\t\t\t\t\t<\/div>\n\t\t\t\t<\/div>\n\t\t\t\t\t<\/div>\n\t\t<\/div>\n\t\t\t\t\t<\/div>\n\t\t<\/section>\n\t\t\t\t<section class=\"elementor-section elementor-top-section elementor-element elementor-element-66ca174 elementor-section-boxed elementor-section-height-default elementor-section-height-default\" data-id=\"66ca174\" data-element_type=\"section\" data-e-type=\"section\">\n\t\t\t\t\t\t<div class=\"elementor-container elementor-column-gap-default\">\n\t\t\t\t\t<div class=\"elementor-column elementor-col-50 elementor-top-column elementor-element elementor-element-46e838c\" data-id=\"46e838c\" data-element_type=\"column\" data-e-type=\"column\">\n\t\t\t<div class=\"elementor-widget-wrap elementor-element-populated\">\n\t\t\t\t\t\t<div class=\"elementor-element elementor-element-e3eb705 elementor-invisible elementor-widget elementor-widget-image\" data-id=\"e3eb705\" data-element_type=\"widget\" data-e-type=\"widget\" data-settings=\"{&quot;_animation&quot;:&quot;fadeInDown&quot;}\" data-widget_type=\"image.default\">\n\t\t\t\t<div class=\"elementor-widget-container\">\n\t\t\t\t\t\t\t\t\t\t\t\t\t\t\t<img fetchpriority=\"high\" decoding=\"async\" width=\"1024\" height=\"358\" src=\"https:\/\/swellcontrol.com.br\/wp-content\/uploads\/2022\/08\/IADC-Member-1024x358.png\" class=\"attachment-large size-large wp-image-5953\" alt=\"\" srcset=\"https:\/\/swellcontrol.com.br\/wp-content\/uploads\/2022\/08\/IADC-Member-1024x358.png 1024w, https:\/\/swellcontrol.com.br\/wp-content\/uploads\/2022\/08\/IADC-Member-300x105.png 300w, https:\/\/swellcontrol.com.br\/wp-content\/uploads\/2022\/08\/IADC-Member-768x268.png 768w, https:\/\/swellcontrol.com.br\/wp-content\/uploads\/2022\/08\/IADC-Member-1536x537.png 1536w, https:\/\/swellcontrol.com.br\/wp-content\/uploads\/2022\/08\/IADC-Member.png 1542w\" sizes=\"(max-width: 1024px) 100vw, 1024px\" \/>\t\t\t\t\t\t\t\t\t\t\t\t\t\t\t<\/div>\n\t\t\t\t<\/div>\n\t\t\t\t<div class=\"elementor-element elementor-element-c32771b elementor-invisible elementor-widget elementor-widget-image\" data-id=\"c32771b\" data-element_type=\"widget\" data-e-type=\"widget\" data-settings=\"{&quot;_animation&quot;:&quot;fadeInDown&quot;}\" data-widget_type=\"image.default\">\n\t\t\t\t<div class=\"elementor-widget-container\">\n\t\t\t\t\t\t\t\t\t\t\t\t\t\t\t<img decoding=\"async\" width=\"300\" height=\"139\" src=\"https:\/\/swellcontrol.com.br\/wp-content\/uploads\/2022\/07\/iso-9001-bureau-veritas-logo-03439E9B3E-seeklogo.com_.png\" class=\"attachment-large size-large wp-image-4585\" alt=\"\" \/>\t\t\t\t\t\t\t\t\t\t\t\t\t\t\t<\/div>\n\t\t\t\t<\/div>\n\t\t\t\t\t<\/div>\n\t\t<\/div>\n\t\t\t\t<div class=\"elementor-column elementor-col-50 elementor-top-column elementor-element elementor-element-7e2de5d\" data-id=\"7e2de5d\" data-element_type=\"column\" data-e-type=\"column\">\n\t\t\t<div class=\"elementor-widget-wrap elementor-element-populated\">\n\t\t\t\t\t\t<div class=\"elementor-element elementor-element-5ea0ec8 elementor-invisible elementor-widget elementor-widget-text-editor\" data-id=\"5ea0ec8\" data-element_type=\"widget\" data-e-type=\"widget\" data-settings=\"{&quot;_animation&quot;:&quot;fadeInDown&quot;}\" data-widget_type=\"text-editor.default\">\n\t\t\t\t<div class=\"elementor-widget-container\">\n\t\t\t\t\t\t\t\t\t<p>A SWC possui certifica\u00e7\u00e3o ISO 9001. Passamos por auditorias, semestralmente, por organismo certificador credenciado pelo INMETRO, com base na norma ABNT NBR ISO 9001, que estabelece todos os requisitos para o Sistema de Gest\u00e3o da Qualidade. O Sistema de Gest\u00e3o da Qualidade \u00e9 gerido por um comit\u00ea composto por profissionais experientes que representam cada \u00e1rea da empresa<\/p>\t\t\t\t\t\t\t\t<\/div>\n\t\t\t\t<\/div>\n\t\t\t\t\t<\/div>\n\t\t<\/div>\n\t\t\t\t\t<\/div>\n\t\t<\/section>\n\t\t\t\t<\/div>\n\t\t","protected":false},"excerpt":{"rendered":"<p>Sobre a empresa Fundada em 2006, a SWC \u00e9 uma empresa brasileira que presta servi\u00e7os, consultoria, treinamento e suprimentos relacionados \u00e0 seguran\u00e7a de po\u00e7os na ind\u00fastria de petr\u00f3leo. Oferecemos \u00e0 [&hellip;]<\/p>\n","protected":false},"author":1,"featured_media":0,"parent":0,"menu_order":0,"comment_status":"closed","ping_status":"closed","template":"","meta":{"site-sidebar-layout":"no-sidebar","site-content-layout":"page-builder","ast-site-content-layout":"default","site-content-style":"default","site-sidebar-style":"default","ast-global-header-display":"","ast-banner-title-visibility":"","ast-main-header-display":"","ast-hfb-above-header-display":"","ast-hfb-below-header-display":"","ast-hfb-mobile-header-display":"","site-post-title":"disabled","ast-breadcrumbs-content":"","ast-featured-img":"disabled","footer-sml-layout":"","ast-disable-related-posts":"","theme-transparent-header-meta":"","adv-header-id-meta":"","stick-header-meta":"","header-above-stick-meta":"","header-main-stick-meta":"","header-below-stick-meta":"","astra-migrate-meta-layouts":"default","ast-page-background-enabled":"default","ast-page-background-meta":{"desktop":{"background-color":"","background-image":"","background-repeat":"repeat","background-position":"center center","background-size":"auto","background-attachment":"scroll","background-type":"","background-media":"","overlay-type":"","overlay-color":"","overlay-opacity":"","overlay-gradient":""},"tablet":{"background-color":"","background-image":"","background-repeat":"repeat","background-position":"center center","background-size":"auto","background-attachment":"scroll","background-type":"","background-media":"","overlay-type":"","overlay-color":"","overlay-opacity":"","overlay-gradient":""},"mobile":{"background-color":"","background-image":"","background-repeat":"repeat","background-position":"center center","background-size":"auto","background-attachment":"scroll","background-type":"","background-media":"","overlay-type":"","overlay-color":"","overlay-opacity":"","overlay-gradient":""}},"ast-content-background-meta":{"desktop":{"background-color":"var(--ast-global-color-5)","background-image":"","background-repeat":"repeat","background-position":"center center","background-size":"auto","background-attachment":"scroll","background-type":"","background-media":"","overlay-type":"","overlay-color":"","overlay-opacity":"","overlay-gradient":""},"tablet":{"background-color":"var(--ast-global-color-5)","background-image":"","background-repeat":"repeat","background-position":"center center","background-size":"auto","background-attachment":"scroll","background-type":"","background-media":"","overlay-type":"","overlay-color":"","overlay-opacity":"","overlay-gradient":""},"mobile":{"background-color":"var(--ast-global-color-5)","background-image":"","background-repeat":"repeat","background-position":"center center","background-size":"auto","background-attachment":"scroll","background-type":"","background-media":"","overlay-type":"","overlay-color":"","overlay-opacity":"","overlay-gradient":""}},"_price":"","_stock":"","_tribe_ticket_header":"","_tribe_default_ticket_provider":"","_tribe_ticket_capacity":"0","_ticket_start_date":"","_ticket_end_date":"","_tribe_ticket_show_description":"","_tribe_ticket_show_not_going":false,"_tribe_ticket_use_global_stock":"","_tribe_ticket_global_stock_level":"","_global_stock_mode":"","_global_stock_cap":"","_tribe_rsvp_for_event":"","_tribe_ticket_going_count":"","_tribe_ticket_not_going_count":"","_tribe_tickets_list":"[]","_tribe_ticket_has_attendee_info_fields":false,"footnotes":"","_tec_slr_enabled":"","_tec_slr_layout":""},"class_list":["post-3902","page","type-page","status-publish","hentry"],"jetpack_sharing_enabled":true,"ticketed":false,"_links":{"self":[{"href":"https:\/\/swellcontrol.com.br\/index.php\/wp-json\/wp\/v2\/pages\/3902","targetHints":{"allow":["GET"]}}],"collection":[{"href":"https:\/\/swellcontrol.com.br\/index.php\/wp-json\/wp\/v2\/pages"}],"about":[{"href":"https:\/\/swellcontrol.com.br\/index.php\/wp-json\/wp\/v2\/types\/page"}],"author":[{"embeddable":true,"href":"https:\/\/swellcontrol.com.br\/index.php\/wp-json\/wp\/v2\/users\/1"}],"replies":[{"embeddable":true,"href":"https:\/\/swellcontrol.com.br\/index.php\/wp-json\/wp\/v2\/comments?post=3902"}],"version-history":[{"count":88,"href":"https:\/\/swellcontrol.com.br\/index.php\/wp-json\/wp\/v2\/pages\/3902\/revisions"}],"predecessor-version":[{"id":6721,"href":"https:\/\/swellcontrol.com.br\/index.php\/wp-json\/wp\/v2\/pages\/3902\/revisions\/6721"}],"wp:attachment":[{"href":"https:\/\/swellcontrol.com.br\/index.php\/wp-json\/wp\/v2\/media?parent=3902"}],"curies":[{"name":"wp","href":"https:\/\/api.w.org\/{rel}","templated":true}]}}