{"id":3850,"date":"2022-07-21T08:15:30","date_gmt":"2022-07-21T11:15:30","guid":{"rendered":"https:\/\/swellcontrol.com.br\/?page_id=3850"},"modified":"2024-03-28T13:27:48","modified_gmt":"2024-03-28T16:27:48","slug":"cbasi","status":"publish","type":"page","link":"https:\/\/swellcontrol.com.br\/index.php\/cbasi\/","title":{"rendered":"CBASI"},"content":{"rendered":"\t\t<div data-elementor-type=\"wp-page\" data-elementor-id=\"3850\" class=\"elementor elementor-3850\" data-elementor-post-type=\"page\">\n\t\t\t\t\t\t<section class=\"elementor-section elementor-top-section elementor-element elementor-element-1c2ea5d9 elementor-section-boxed elementor-section-height-default elementor-section-height-default\" data-id=\"1c2ea5d9\" data-element_type=\"section\" data-e-type=\"section\">\n\t\t\t\t\t\t<div class=\"elementor-container elementor-column-gap-default\">\n\t\t\t\t\t<div class=\"elementor-column elementor-col-50 elementor-top-column elementor-element elementor-element-afbc287\" data-id=\"afbc287\" data-element_type=\"column\" data-e-type=\"column\">\n\t\t\t<div class=\"elementor-widget-wrap elementor-element-populated\">\n\t\t\t\t\t\t<div class=\"elementor-element elementor-element-43dc6c43 elementor-widget elementor-widget-image\" data-id=\"43dc6c43\" data-element_type=\"widget\" data-e-type=\"widget\" data-widget_type=\"image.default\">\n\t\t\t\t<div class=\"elementor-widget-container\">\n\t\t\t\t\t\t\t\t\t\t\t\t\t\t\t<img fetchpriority=\"high\" decoding=\"async\" width=\"1024\" height=\"681\" src=\"https:\/\/swellcontrol.com.br\/wp-content\/uploads\/2022\/07\/Blog-GSC-25-05-1024x681-1.png\" class=\"attachment-full size-full wp-image-5293\" alt=\"\" srcset=\"https:\/\/swellcontrol.com.br\/wp-content\/uploads\/2022\/07\/Blog-GSC-25-05-1024x681-1.png 1024w, https:\/\/swellcontrol.com.br\/wp-content\/uploads\/2022\/07\/Blog-GSC-25-05-1024x681-1-300x200.png 300w, https:\/\/swellcontrol.com.br\/wp-content\/uploads\/2022\/07\/Blog-GSC-25-05-1024x681-1-768x511.png 768w\" sizes=\"(max-width: 1024px) 100vw, 1024px\" \/>\t\t\t\t\t\t\t\t\t\t\t\t\t\t\t<\/div>\n\t\t\t\t<\/div>\n\t\t\t\t\t<\/div>\n\t\t<\/div>\n\t\t\t\t<div class=\"elementor-column elementor-col-50 elementor-top-column elementor-element elementor-element-3523fa2\" data-id=\"3523fa2\" data-element_type=\"column\" data-e-type=\"column\">\n\t\t\t<div class=\"elementor-widget-wrap elementor-element-populated\">\n\t\t\t\t\t\t<div class=\"elementor-element elementor-element-de6e7dc elementor-widget elementor-widget-heading\" data-id=\"de6e7dc\" data-element_type=\"widget\" data-e-type=\"widget\" data-widget_type=\"heading.default\">\n\t\t\t\t<div class=\"elementor-widget-container\">\n\t\t\t\t\t<h4 class=\"elementor-heading-title elementor-size-default\"><strong>CBASI<br>Curso B\u00e1sico de Seguran\u00e7a Industrial<strong><\/strong><\/strong><b><\/b><\/h4>\t\t\t\t<\/div>\n\t\t\t\t<\/div>\n\t\t\t\t<div class=\"elementor-element elementor-element-d0448d6 elementor-widget elementor-widget-text-editor\" data-id=\"d0448d6\" data-element_type=\"widget\" data-e-type=\"widget\" data-widget_type=\"text-editor.default\">\n\t\t\t\t<div class=\"elementor-widget-container\">\n\t\t\t\t\t\t\t\t\t<p>Este treinamento tem como objetivo capacitar os empregados com conhecimentos b\u00e1sicos em seguran\u00e7a industrial, com aplica\u00e7\u00f5es te\u00f3ricas e pr\u00e1ticas no requisito de Combate a Inc\u00eandio, Primeiros Socorros Meio Ambiente e Seguran\u00e7a do Trabalho, conforme o Programa Petrobras<\/p><p>\u00a0<\/p>\t\t\t\t\t\t\t\t<\/div>\n\t\t\t\t<\/div>\n\t\t\t\t<div class=\"elementor-element elementor-element-9ec4fd1 elementor-align-center elementor-widget elementor-widget-button\" data-id=\"9ec4fd1\" data-element_type=\"widget\" data-e-type=\"widget\" data-widget_type=\"button.default\">\n\t\t\t\t<div class=\"elementor-widget-container\">\n\t\t\t\t\t\t\t\t\t<div class=\"elementor-button-wrapper\">\n\t\t\t\t\t<a class=\"elementor-button elementor-button-link elementor-size-sm\" href=\"https:\/\/swellcontrol.com.br\/wp-content\/uploads\/2022\/07\/CBASI.pdf\" target=\"_blank\">\n\t\t\t\t\t\t<span class=\"elementor-button-content-wrapper\">\n\t\t\t\t\t\t\t\t\t<span class=\"elementor-button-text\">Inscri\u00e7\u00e3o<\/span>\n\t\t\t\t\t<\/span>\n\t\t\t\t\t<\/a>\n\t\t\t\t<\/div>\n\t\t\t\t\t\t\t\t<\/div>\n\t\t\t\t<\/div>\n\t\t\t\t\t<\/div>\n\t\t<\/div>\n\t\t\t\t\t<\/div>\n\t\t<\/section>\n\t\t\t\t<section class=\"elementor-section elementor-top-section elementor-element elementor-element-356f5139 elementor-section-boxed elementor-section-height-default elementor-section-height-default\" data-id=\"356f5139\" data-element_type=\"section\" data-e-type=\"section\">\n\t\t\t\t\t\t<div class=\"elementor-container elementor-column-gap-default\">\n\t\t\t\t\t<div class=\"elementor-column elementor-col-50 elementor-top-column elementor-element elementor-element-31e86e50\" data-id=\"31e86e50\" data-element_type=\"column\" data-e-type=\"column\">\n\t\t\t<div class=\"elementor-widget-wrap elementor-element-populated\">\n\t\t\t\t\t\t<div class=\"elementor-element elementor-element-1ccf84d elementor-widget elementor-widget-text-editor\" data-id=\"1ccf84d\" data-element_type=\"widget\" data-e-type=\"widget\" data-widget_type=\"text-editor.default\">\n\t\t\t\t<div class=\"elementor-widget-container\">\n\t\t\t\t\t\t\t\t\t<h3><span style=\"color: #000080;\"><strong>Conte\u00fado do curso<\/strong><\/span><\/h3>\n<ul>\n \t<li>Acidentes do trabalho; conceitos, classifica\u00e7\u00e3o, riscos, causas, consequ\u00eancias, registro, investiga\u00e7\u00e3o.<\/li>\n \t<li>Legisla\u00e7\u00e3o e Inspe\u00e7\u00e3o de Seguran\u00e7a;\nlegisla\u00e7\u00e3o pertinente, conceitos, tipos, import\u00e2ncia, CIPA; Norma Regulamentadora 5, conceito, a import\u00e2ncia da CIPA nas empresas, objetivo da CIPA, responsabilidades.<\/li>\n \t<li>EPI: Norma Regulamentadora 6, a import\u00e2ncia dos EPI\u2019s, responsabilidades, utiliza\u00e7\u00e3o e conserva\u00e7\u00e3o, EPC.<\/li>\n \t<li>Combate a Inc\u00eandio: princ\u00edpios b\u00e1sicos do fogo, classes de inc\u00eandio, agentes extintores, m\u00e9todos de extin\u00e7\u00e3o<\/li>\n \t<li>Primeiros Socorros: conceito, etapas b\u00e1sicas, avalia\u00e7\u00e3o das v\u00edtimas, an\u00e1lise secundaria, preven\u00e7\u00e3o e cuidados<\/li>\n \t<li>Meio ambiente: legisla\u00e7\u00e3o, conceitos e caracteriza\u00e7\u00e3o, degrada\u00e7\u00e3o ambiental, gest\u00e3o integrada<\/li>\n \t<li>Utiliza\u00e7\u00e3o do cinto seguran\u00e7a<\/li>\n \t<li>M\u00e1scaras aut\u00f4nomas<\/li>\n<\/ul>\n<h3><span style=\"color: #000080;\"><strong>Carga hor\u00e1ria<\/strong><\/span><\/h3>\n<ul>\n \t<li style=\"list-style-type: none;\">\n<ul>\n \t<li>20 horas<\/li>\n<\/ul>\n<\/li>\n<\/ul>\t\t\t\t\t\t\t\t<\/div>\n\t\t\t\t<\/div>\n\t\t\t\t\t<\/div>\n\t\t<\/div>\n\t\t\t\t<div class=\"elementor-column elementor-col-50 elementor-top-column elementor-element elementor-element-5b217ebe\" data-id=\"5b217ebe\" data-element_type=\"column\" data-e-type=\"column\">\n\t\t\t<div class=\"elementor-widget-wrap elementor-element-populated\">\n\t\t\t\t\t\t<div class=\"elementor-element elementor-element-299c4ea6 elementor-widget elementor-widget-text-editor\" data-id=\"299c4ea6\" data-element_type=\"widget\" data-e-type=\"widget\" data-widget_type=\"text-editor.default\">\n\t\t\t\t<div class=\"elementor-widget-container\">\n\t\t\t\t\t\t\t\t\t<h3><span style=\"color: #000080; font-size: 1.66667rem; font-style: inherit; background-color: var(--ast-global-color-4);\"><strong>Certifica\u00e7\u00f5es<\/strong><\/span><\/h3>\n<ul>\n \t<li>Validade 2 anos<\/li>\n<\/ul>\nClique no bot\u00e3o abaixo para fazer o download do plano de curso CBASI\t\t\t\t\t\t\t\t<\/div>\n\t\t\t\t<\/div>\n\t\t\t\t<div class=\"elementor-element elementor-element-2256aaa elementor-align-center elementor-widget elementor-widget-button\" data-id=\"2256aaa\" data-element_type=\"widget\" data-e-type=\"widget\" data-widget_type=\"button.default\">\n\t\t\t\t<div class=\"elementor-widget-container\">\n\t\t\t\t\t\t\t\t\t<div class=\"elementor-button-wrapper\">\n\t\t\t\t\t<a class=\"elementor-button elementor-button-link elementor-size-sm\" href=\"https:\/\/swellcontrol.com.br\/wp-content\/uploads\/2022\/08\/CBASI.pdf\" target=\"_blank\">\n\t\t\t\t\t\t<span class=\"elementor-button-content-wrapper\">\n\t\t\t\t\t\t<span class=\"elementor-button-icon\">\n\t\t\t\t<i aria-hidden=\"true\" class=\"fas fa-download\"><\/i>\t\t\t<\/span>\n\t\t\t\t\t\t\t\t\t<span class=\"elementor-button-text\">Download<\/span>\n\t\t\t\t\t<\/span>\n\t\t\t\t\t<\/a>\n\t\t\t\t<\/div>\n\t\t\t\t\t\t\t\t<\/div>\n\t\t\t\t<\/div>\n\t\t\t\t\t<\/div>\n\t\t<\/div>\n\t\t\t\t\t<\/div>\n\t\t<\/section>\n\t\t\t\t<\/div>\n\t\t","protected":false},"excerpt":{"rendered":"<p>CBASICurso B\u00e1sico de Seguran\u00e7a Industrial Este treinamento tem como objetivo capacitar os empregados com conhecimentos b\u00e1sicos em seguran\u00e7a industrial, com aplica\u00e7\u00f5es te\u00f3ricas e pr\u00e1ticas no requisito de Combate a Inc\u00eandio, [&hellip;]<\/p>\n","protected":false},"author":1,"featured_media":0,"parent":0,"menu_order":0,"comment_status":"closed","ping_status":"closed","template":"","meta":{"site-sidebar-layout":"no-sidebar","site-content-layout":"page-builder","ast-site-content-layout":"default","site-content-style":"default","site-sidebar-style":"default","ast-global-header-display":"","ast-banner-title-visibility":"","ast-main-header-display":"","ast-hfb-above-header-display":"","ast-hfb-below-header-display":"","ast-hfb-mobile-header-display":"","site-post-title":"disabled","ast-breadcrumbs-content":"","ast-featured-img":"disabled","footer-sml-layout":"","ast-disable-related-posts":"","theme-transparent-header-meta":"","adv-header-id-meta":"","stick-header-meta":"","header-above-stick-meta":"","header-main-stick-meta":"","header-below-stick-meta":"","astra-migrate-meta-layouts":"default","ast-page-background-enabled":"default","ast-page-background-meta":{"desktop":{"background-color":"","background-image":"","background-repeat":"repeat","background-position":"center center","background-size":"auto","background-attachment":"scroll","background-type":"","background-media":"","overlay-type":"","overlay-color":"","overlay-opacity":"","overlay-gradient":""},"tablet":{"background-color":"","background-image":"","background-repeat":"repeat","background-position":"center center","background-size":"auto","background-attachment":"scroll","background-type":"","background-media":"","overlay-type":"","overlay-color":"","overlay-opacity":"","overlay-gradient":""},"mobile":{"background-color":"","background-image":"","background-repeat":"repeat","background-position":"center center","background-size":"auto","background-attachment":"scroll","background-type":"","background-media":"","overlay-type":"","overlay-color":"","overlay-opacity":"","overlay-gradient":""}},"ast-content-background-meta":{"desktop":{"background-color":"var(--ast-global-color-5)","background-image":"","background-repeat":"repeat","background-position":"center center","background-size":"auto","background-attachment":"scroll","background-type":"","background-media":"","overlay-type":"","overlay-color":"","overlay-opacity":"","overlay-gradient":""},"tablet":{"background-color":"var(--ast-global-color-5)","background-image":"","background-repeat":"repeat","background-position":"center center","background-size":"auto","background-attachment":"scroll","background-type":"","background-media":"","overlay-type":"","overlay-color":"","overlay-opacity":"","overlay-gradient":""},"mobile":{"background-color":"var(--ast-global-color-5)","background-image":"","background-repeat":"repeat","background-position":"center center","background-size":"auto","background-attachment":"scroll","background-type":"","background-media":"","overlay-type":"","overlay-color":"","overlay-opacity":"","overlay-gradient":""}},"_price":"","_stock":"","_tribe_ticket_header":"","_tribe_default_ticket_provider":"","_tribe_ticket_capacity":"0","_ticket_start_date":"","_ticket_end_date":"","_tribe_ticket_show_description":"","_tribe_ticket_show_not_going":false,"_tribe_ticket_use_global_stock":"","_tribe_ticket_global_stock_level":"","_global_stock_mode":"","_global_stock_cap":"","_tribe_rsvp_for_event":"","_tribe_ticket_going_count":"","_tribe_ticket_not_going_count":"","_tribe_tickets_list":"[]","_tribe_ticket_has_attendee_info_fields":false,"footnotes":"","_tec_slr_enabled":"","_tec_slr_layout":""},"class_list":["post-3850","page","type-page","status-publish","hentry"],"jetpack_sharing_enabled":true,"ticketed":false,"_links":{"self":[{"href":"https:\/\/swellcontrol.com.br\/index.php\/wp-json\/wp\/v2\/pages\/3850","targetHints":{"allow":["GET"]}}],"collection":[{"href":"https:\/\/swellcontrol.com.br\/index.php\/wp-json\/wp\/v2\/pages"}],"about":[{"href":"https:\/\/swellcontrol.com.br\/index.php\/wp-json\/wp\/v2\/types\/page"}],"author":[{"embeddable":true,"href":"https:\/\/swellcontrol.com.br\/index.php\/wp-json\/wp\/v2\/users\/1"}],"replies":[{"embeddable":true,"href":"https:\/\/swellcontrol.com.br\/index.php\/wp-json\/wp\/v2\/comments?post=3850"}],"version-history":[{"count":88,"href":"https:\/\/swellcontrol.com.br\/index.php\/wp-json\/wp\/v2\/pages\/3850\/revisions"}],"predecessor-version":[{"id":6745,"href":"https:\/\/swellcontrol.com.br\/index.php\/wp-json\/wp\/v2\/pages\/3850\/revisions\/6745"}],"wp:attachment":[{"href":"https:\/\/swellcontrol.com.br\/index.php\/wp-json\/wp\/v2\/media?parent=3850"}],"curies":[{"name":"wp","href":"https:\/\/api.w.org\/{rel}","templated":true}]}}