{"id":3849,"date":"2022-07-21T08:15:30","date_gmt":"2022-07-21T11:15:30","guid":{"rendered":"https:\/\/swellcontrol.com.br\/?page_id=3849"},"modified":"2024-03-28T13:28:07","modified_gmt":"2024-03-28T16:28:07","slug":"direcao-defensiva","status":"publish","type":"page","link":"https:\/\/swellcontrol.com.br\/index.php\/direcao-defensiva\/","title":{"rendered":"Dire\u00e7\u00e3o Defensiva"},"content":{"rendered":"\t\t<div data-elementor-type=\"wp-page\" data-elementor-id=\"3849\" class=\"elementor elementor-3849\" data-elementor-post-type=\"page\">\n\t\t\t\t\t\t<section class=\"elementor-section elementor-top-section elementor-element elementor-element-4bac48ed elementor-section-boxed elementor-section-height-default elementor-section-height-default\" data-id=\"4bac48ed\" data-element_type=\"section\" data-e-type=\"section\">\n\t\t\t\t\t\t<div class=\"elementor-container elementor-column-gap-default\">\n\t\t\t\t\t<div class=\"elementor-column elementor-col-50 elementor-top-column elementor-element elementor-element-4eb3ca08\" data-id=\"4eb3ca08\" data-element_type=\"column\" data-e-type=\"column\">\n\t\t\t<div class=\"elementor-widget-wrap elementor-element-populated\">\n\t\t\t\t\t\t<div class=\"elementor-element elementor-element-30f4db8d elementor-widget elementor-widget-spacer\" data-id=\"30f4db8d\" data-element_type=\"widget\" data-e-type=\"widget\" data-widget_type=\"spacer.default\">\n\t\t\t\t<div class=\"elementor-widget-container\">\n\t\t\t\t\t\t\t<div class=\"elementor-spacer\">\n\t\t\t<div class=\"elementor-spacer-inner\"><\/div>\n\t\t<\/div>\n\t\t\t\t\t\t<\/div>\n\t\t\t\t<\/div>\n\t\t\t\t<div class=\"elementor-element elementor-element-c403ad2 elementor-widget elementor-widget-image\" data-id=\"c403ad2\" data-element_type=\"widget\" data-e-type=\"widget\" data-widget_type=\"image.default\">\n\t\t\t\t<div class=\"elementor-widget-container\">\n\t\t\t\t\t\t\t\t\t\t\t\t\t\t\t<img fetchpriority=\"high\" decoding=\"async\" width=\"2560\" height=\"1707\" src=\"https:\/\/swellcontrol.com.br\/wp-content\/uploads\/2022\/07\/why-kei-8e2gal_GIE8-unsplash-scaled.jpg\" class=\"attachment-full size-full wp-image-5303\" alt=\"\" srcset=\"https:\/\/swellcontrol.com.br\/wp-content\/uploads\/2022\/07\/why-kei-8e2gal_GIE8-unsplash-scaled.jpg 2560w, https:\/\/swellcontrol.com.br\/wp-content\/uploads\/2022\/07\/why-kei-8e2gal_GIE8-unsplash-300x200.jpg 300w, https:\/\/swellcontrol.com.br\/wp-content\/uploads\/2022\/07\/why-kei-8e2gal_GIE8-unsplash-1024x683.jpg 1024w, https:\/\/swellcontrol.com.br\/wp-content\/uploads\/2022\/07\/why-kei-8e2gal_GIE8-unsplash-768x512.jpg 768w, https:\/\/swellcontrol.com.br\/wp-content\/uploads\/2022\/07\/why-kei-8e2gal_GIE8-unsplash-1536x1024.jpg 1536w, https:\/\/swellcontrol.com.br\/wp-content\/uploads\/2022\/07\/why-kei-8e2gal_GIE8-unsplash-2048x1366.jpg 2048w\" sizes=\"(max-width: 2560px) 100vw, 2560px\" \/>\t\t\t\t\t\t\t\t\t\t\t\t\t\t\t<\/div>\n\t\t\t\t<\/div>\n\t\t\t\t\t<\/div>\n\t\t<\/div>\n\t\t\t\t<div class=\"elementor-column elementor-col-50 elementor-top-column elementor-element elementor-element-10bf1c9f\" data-id=\"10bf1c9f\" data-element_type=\"column\" data-e-type=\"column\">\n\t\t\t<div class=\"elementor-widget-wrap elementor-element-populated\">\n\t\t\t\t\t\t<div class=\"elementor-element elementor-element-d3d14d3 elementor-widget elementor-widget-spacer\" data-id=\"d3d14d3\" data-element_type=\"widget\" data-e-type=\"widget\" data-widget_type=\"spacer.default\">\n\t\t\t\t<div class=\"elementor-widget-container\">\n\t\t\t\t\t\t\t<div class=\"elementor-spacer\">\n\t\t\t<div class=\"elementor-spacer-inner\"><\/div>\n\t\t<\/div>\n\t\t\t\t\t\t<\/div>\n\t\t\t\t<\/div>\n\t\t\t\t<div class=\"elementor-element elementor-element-10149f87 elementor-widget elementor-widget-heading\" data-id=\"10149f87\" data-element_type=\"widget\" data-e-type=\"widget\" data-widget_type=\"heading.default\">\n\t\t\t\t<div class=\"elementor-widget-container\">\n\t\t\t\t\t<h4 class=\"elementor-heading-title elementor-size-default\"><Strong>Dire\u00e7\u00e3o Defensiva<Strong><\/h4>\t\t\t\t<\/div>\n\t\t\t\t<\/div>\n\t\t\t\t<div class=\"elementor-element elementor-element-19010d3b elementor-widget elementor-widget-text-editor\" data-id=\"19010d3b\" data-element_type=\"widget\" data-e-type=\"widget\" data-widget_type=\"text-editor.default\">\n\t\t\t\t<div class=\"elementor-widget-container\">\n\t\t\t\t\t\t\t\t\t<p style=\"text-align: justify;\">A dire\u00e7\u00e3o defensiva tem como objetivo conscientizar os empregados a refletir e reconhecer seu compromisso com a empresa sobre o seu verdadeiro papel quanto a seguran\u00e7a no tr\u00e2nsito. \u00c9 um conjunto de medidas de preven\u00e7\u00e3o utilizadas para reduzir as consequ\u00eancias dos acidentes de tr\u00e2nsito.<\/p>\t\t\t\t\t\t\t\t<\/div>\n\t\t\t\t<\/div>\n\t\t\t\t<div class=\"elementor-element elementor-element-c17e1fd elementor-align-center elementor-widget elementor-widget-button\" data-id=\"c17e1fd\" data-element_type=\"widget\" data-e-type=\"widget\" data-widget_type=\"button.default\">\n\t\t\t\t<div class=\"elementor-widget-container\">\n\t\t\t\t\t\t\t\t\t<div class=\"elementor-button-wrapper\">\n\t\t\t\t\t<a class=\"elementor-button elementor-button-link elementor-size-sm\" href=\"https:\/\/swellcontrol.com.br\/wp-content\/uploads\/2022\/07\/Direcao-Defensiva.pdf\" target=\"_blank\">\n\t\t\t\t\t\t<span class=\"elementor-button-content-wrapper\">\n\t\t\t\t\t\t\t\t\t<span class=\"elementor-button-text\">Inscri\u00e7\u00e3o<\/span>\n\t\t\t\t\t<\/span>\n\t\t\t\t\t<\/a>\n\t\t\t\t<\/div>\n\t\t\t\t\t\t\t\t<\/div>\n\t\t\t\t<\/div>\n\t\t\t\t\t<\/div>\n\t\t<\/div>\n\t\t\t\t\t<\/div>\n\t\t<\/section>\n\t\t\t\t<section class=\"elementor-section elementor-top-section elementor-element elementor-element-45c94fa elementor-section-boxed elementor-section-height-default elementor-section-height-default\" data-id=\"45c94fa\" data-element_type=\"section\" data-e-type=\"section\">\n\t\t\t\t\t\t<div class=\"elementor-container elementor-column-gap-default\">\n\t\t\t\t\t<div class=\"elementor-column elementor-col-100 elementor-top-column elementor-element elementor-element-c203d5a\" data-id=\"c203d5a\" data-element_type=\"column\" data-e-type=\"column\">\n\t\t\t<div class=\"elementor-widget-wrap\">\n\t\t\t\t\t\t\t<\/div>\n\t\t<\/div>\n\t\t\t\t\t<\/div>\n\t\t<\/section>\n\t\t\t\t<section class=\"elementor-section elementor-top-section elementor-element elementor-element-49bc8506 elementor-section-boxed elementor-section-height-default elementor-section-height-default\" data-id=\"49bc8506\" data-element_type=\"section\" data-e-type=\"section\">\n\t\t\t\t\t\t<div class=\"elementor-container elementor-column-gap-default\">\n\t\t\t\t\t<div class=\"elementor-column elementor-col-50 elementor-top-column elementor-element elementor-element-49b49f2\" data-id=\"49b49f2\" data-element_type=\"column\" data-e-type=\"column\">\n\t\t\t<div class=\"elementor-widget-wrap elementor-element-populated\">\n\t\t\t\t\t\t<div class=\"elementor-element elementor-element-572bb86 elementor-widget elementor-widget-text-editor\" data-id=\"572bb86\" data-element_type=\"widget\" data-e-type=\"widget\" data-widget_type=\"text-editor.default\">\n\t\t\t\t<div class=\"elementor-widget-container\">\n\t\t\t\t\t\t\t\t\t<h3><span style=\"color: #000080;\"><strong>Conte\u00fado do curso<\/strong><\/span><\/h3>\n<ul>\n \t<li>Dire\u00e7\u00e3o Defensiva<\/li>\n \t<li>Tempo e dist\u00e2ncia de frenagem<\/li>\n \t<li>Tempo e dist\u00e2ncia de parada (regra dos dois segundos)<\/li>\n \t<li>Tipos de pisos<\/li>\n \t<li>Uso do espelho retrovisores<\/li>\n \t<li>Cuidados com o ve\u00edculo<\/li>\n \t<li>Postura adequada para condu\u00e7\u00e3o segura<\/li>\n \t<li>Cruzamentos<\/li>\n \t<li>Ultrapassagens<\/li>\n \t<li>Convers\u00e3o<\/li>\n \t<li>Obst\u00e1culos<\/li>\n \t<li>Cuidados ao estacionar<\/li>\n \t<li>Colis\u00e3o com o ve\u00edculo da frente e\/ou como de tr\u00e1s<\/li>\n \t<li>Condi\u00e7\u00f5es adversas de tempo<\/li>\n \t<li>Condi\u00e7\u00f5es adversas de vias<\/li>\n \t<li>Condi\u00e7\u00f5es adversas em rela\u00e7\u00e3o aos outros ve\u00edculos<\/li>\n \t<li>Falha mec\u00e2nica<\/li>\n \t<li>Uso de \u00e1lcool e drogas<\/li>\n<\/ul>\n<h3><span style=\"color: #000080;\"><strong>Carga hor\u00e1ria<\/strong><\/span><\/h3>\n<ul>\n \t<li style=\"list-style-type: none;\">\n<ul>\n \t<li>8 horas<\/li>\n<\/ul>\n<\/li>\n<\/ul>\t\t\t\t\t\t\t\t<\/div>\n\t\t\t\t<\/div>\n\t\t\t\t\t<\/div>\n\t\t<\/div>\n\t\t\t\t<div class=\"elementor-column elementor-col-50 elementor-top-column elementor-element elementor-element-23433e44\" data-id=\"23433e44\" data-element_type=\"column\" data-e-type=\"column\">\n\t\t\t<div class=\"elementor-widget-wrap elementor-element-populated\">\n\t\t\t\t\t\t<div class=\"elementor-element elementor-element-d47fc08 elementor-widget elementor-widget-text-editor\" data-id=\"d47fc08\" data-element_type=\"widget\" data-e-type=\"widget\" data-widget_type=\"text-editor.default\">\n\t\t\t\t<div class=\"elementor-widget-container\">\n\t\t\t\t\t\t\t\t\t<h3 style=\"text-align: left;\"><span style=\"color: #000080;\"><strong>Certifica\u00e7\u00f5es<\/strong><\/span><\/h3>\n<ul>\n \t<li>Validade 1 ano<\/li>\n<\/ul>\n<p style=\"text-align: center;\">Clique no bot\u00e3o abaixo para fazer o download do plano de curso Dire\u00e7\u00e3o Defensiva<\/p>\t\t\t\t\t\t\t\t<\/div>\n\t\t\t\t<\/div>\n\t\t\t\t<div class=\"elementor-element elementor-element-7bd0a3e elementor-align-center elementor-widget elementor-widget-button\" data-id=\"7bd0a3e\" data-element_type=\"widget\" data-e-type=\"widget\" data-widget_type=\"button.default\">\n\t\t\t\t<div class=\"elementor-widget-container\">\n\t\t\t\t\t\t\t\t\t<div class=\"elementor-button-wrapper\">\n\t\t\t\t\t<a class=\"elementor-button elementor-button-link elementor-size-sm\" href=\"https:\/\/swellcontrol.com.br\/wp-content\/uploads\/2022\/08\/Direcao-Defensiva.pdf\" target=\"_blank\">\n\t\t\t\t\t\t<span class=\"elementor-button-content-wrapper\">\n\t\t\t\t\t\t<span class=\"elementor-button-icon\">\n\t\t\t\t<i aria-hidden=\"true\" class=\"fas fa-download\"><\/i>\t\t\t<\/span>\n\t\t\t\t\t\t\t\t\t<span class=\"elementor-button-text\">Download<\/span>\n\t\t\t\t\t<\/span>\n\t\t\t\t\t<\/a>\n\t\t\t\t<\/div>\n\t\t\t\t\t\t\t\t<\/div>\n\t\t\t\t<\/div>\n\t\t\t\t\t<\/div>\n\t\t<\/div>\n\t\t\t\t\t<\/div>\n\t\t<\/section>\n\t\t\t\t<\/div>\n\t\t","protected":false},"excerpt":{"rendered":"<p>Dire\u00e7\u00e3o Defensiva A dire\u00e7\u00e3o defensiva tem como objetivo conscientizar os empregados a refletir e reconhecer seu compromisso com a empresa sobre o seu verdadeiro papel quanto a seguran\u00e7a no tr\u00e2nsito. [&hellip;]<\/p>\n","protected":false},"author":1,"featured_media":0,"parent":0,"menu_order":0,"comment_status":"closed","ping_status":"closed","template":"","meta":{"site-sidebar-layout":"no-sidebar","site-content-layout":"page-builder","ast-site-content-layout":"default","site-content-style":"default","site-sidebar-style":"default","ast-global-header-display":"","ast-banner-title-visibility":"","ast-main-header-display":"","ast-hfb-above-header-display":"","ast-hfb-below-header-display":"","ast-hfb-mobile-header-display":"","site-post-title":"disabled","ast-breadcrumbs-content":"","ast-featured-img":"disabled","footer-sml-layout":"","ast-disable-related-posts":"","theme-transparent-header-meta":"","adv-header-id-meta":"","stick-header-meta":"","header-above-stick-meta":"","header-main-stick-meta":"","header-below-stick-meta":"","astra-migrate-meta-layouts":"default","ast-page-background-enabled":"default","ast-page-background-meta":{"desktop":{"background-color":"","background-image":"","background-repeat":"repeat","background-position":"center center","background-size":"auto","background-attachment":"scroll","background-type":"","background-media":"","overlay-type":"","overlay-color":"","overlay-opacity":"","overlay-gradient":""},"tablet":{"background-color":"","background-image":"","background-repeat":"repeat","background-position":"center center","background-size":"auto","background-attachment":"scroll","background-type":"","background-media":"","overlay-type":"","overlay-color":"","overlay-opacity":"","overlay-gradient":""},"mobile":{"background-color":"","background-image":"","background-repeat":"repeat","background-position":"center center","background-size":"auto","background-attachment":"scroll","background-type":"","background-media":"","overlay-type":"","overlay-color":"","overlay-opacity":"","overlay-gradient":""}},"ast-content-background-meta":{"desktop":{"background-color":"var(--ast-global-color-5)","background-image":"","background-repeat":"repeat","background-position":"center center","background-size":"auto","background-attachment":"scroll","background-type":"","background-media":"","overlay-type":"","overlay-color":"","overlay-opacity":"","overlay-gradient":""},"tablet":{"background-color":"var(--ast-global-color-5)","background-image":"","background-repeat":"repeat","background-position":"center center","background-size":"auto","background-attachment":"scroll","background-type":"","background-media":"","overlay-type":"","overlay-color":"","overlay-opacity":"","overlay-gradient":""},"mobile":{"background-color":"var(--ast-global-color-5)","background-image":"","background-repeat":"repeat","background-position":"center center","background-size":"auto","background-attachment":"scroll","background-type":"","background-media":"","overlay-type":"","overlay-color":"","overlay-opacity":"","overlay-gradient":""}},"_price":"","_stock":"","_tribe_ticket_header":"","_tribe_default_ticket_provider":"","_tribe_ticket_capacity":"0","_ticket_start_date":"","_ticket_end_date":"","_tribe_ticket_show_description":"","_tribe_ticket_show_not_going":false,"_tribe_ticket_use_global_stock":"","_tribe_ticket_global_stock_level":"","_global_stock_mode":"","_global_stock_cap":"","_tribe_rsvp_for_event":"","_tribe_ticket_going_count":"","_tribe_ticket_not_going_count":"","_tribe_tickets_list":"[]","_tribe_ticket_has_attendee_info_fields":false,"footnotes":"","_tec_slr_enabled":"","_tec_slr_layout":""},"class_list":["post-3849","page","type-page","status-publish","hentry"],"jetpack_sharing_enabled":true,"ticketed":false,"_links":{"self":[{"href":"https:\/\/swellcontrol.com.br\/index.php\/wp-json\/wp\/v2\/pages\/3849","targetHints":{"allow":["GET"]}}],"collection":[{"href":"https:\/\/swellcontrol.com.br\/index.php\/wp-json\/wp\/v2\/pages"}],"about":[{"href":"https:\/\/swellcontrol.com.br\/index.php\/wp-json\/wp\/v2\/types\/page"}],"author":[{"embeddable":true,"href":"https:\/\/swellcontrol.com.br\/index.php\/wp-json\/wp\/v2\/users\/1"}],"replies":[{"embeddable":true,"href":"https:\/\/swellcontrol.com.br\/index.php\/wp-json\/wp\/v2\/comments?post=3849"}],"version-history":[{"count":91,"href":"https:\/\/swellcontrol.com.br\/index.php\/wp-json\/wp\/v2\/pages\/3849\/revisions"}],"predecessor-version":[{"id":6748,"href":"https:\/\/swellcontrol.com.br\/index.php\/wp-json\/wp\/v2\/pages\/3849\/revisions\/6748"}],"wp:attachment":[{"href":"https:\/\/swellcontrol.com.br\/index.php\/wp-json\/wp\/v2\/media?parent=3849"}],"curies":[{"name":"wp","href":"https:\/\/api.w.org\/{rel}","templated":true}]}}