{"id":3847,"date":"2022-07-21T08:15:30","date_gmt":"2022-07-21T11:15:30","guid":{"rendered":"https:\/\/swellcontrol.com.br\/?page_id=3847"},"modified":"2024-03-28T13:28:32","modified_gmt":"2024-03-28T16:28:32","slug":"primeiros-socorros","status":"publish","type":"page","link":"https:\/\/swellcontrol.com.br\/index.php\/primeiros-socorros\/","title":{"rendered":"Primeiros Socorros"},"content":{"rendered":"\t\t<div data-elementor-type=\"wp-page\" data-elementor-id=\"3847\" class=\"elementor elementor-3847\" data-elementor-post-type=\"page\">\n\t\t\t\t\t\t<section class=\"elementor-section elementor-top-section elementor-element elementor-element-218ed1e6 elementor-section-boxed elementor-section-height-default elementor-section-height-default\" data-id=\"218ed1e6\" data-element_type=\"section\" data-e-type=\"section\">\n\t\t\t\t\t\t<div class=\"elementor-container elementor-column-gap-default\">\n\t\t\t\t\t<div class=\"elementor-column elementor-col-50 elementor-top-column elementor-element elementor-element-12465997\" data-id=\"12465997\" data-element_type=\"column\" data-e-type=\"column\">\n\t\t\t<div class=\"elementor-widget-wrap elementor-element-populated\">\n\t\t\t\t\t\t<div class=\"elementor-element elementor-element-77690883 elementor-widget elementor-widget-image\" data-id=\"77690883\" data-element_type=\"widget\" data-e-type=\"widget\" data-widget_type=\"image.default\">\n\t\t\t\t<div class=\"elementor-widget-container\">\n\t\t\t\t\t\t\t\t\t\t\t\t\t\t\t<img fetchpriority=\"high\" decoding=\"async\" width=\"1920\" height=\"1280\" src=\"https:\/\/swellcontrol.com.br\/wp-content\/uploads\/2022\/07\/first-aid-g07298a179_1920.jpg\" class=\"attachment-full size-full wp-image-4146\" alt=\"\" srcset=\"https:\/\/swellcontrol.com.br\/wp-content\/uploads\/2022\/07\/first-aid-g07298a179_1920.jpg 1920w, https:\/\/swellcontrol.com.br\/wp-content\/uploads\/2022\/07\/first-aid-g07298a179_1920-300x200.jpg 300w, https:\/\/swellcontrol.com.br\/wp-content\/uploads\/2022\/07\/first-aid-g07298a179_1920-1024x683.jpg 1024w, https:\/\/swellcontrol.com.br\/wp-content\/uploads\/2022\/07\/first-aid-g07298a179_1920-768x512.jpg 768w, https:\/\/swellcontrol.com.br\/wp-content\/uploads\/2022\/07\/first-aid-g07298a179_1920-1536x1024.jpg 1536w\" sizes=\"(max-width: 1920px) 100vw, 1920px\" \/>\t\t\t\t\t\t\t\t\t\t\t\t\t\t\t<\/div>\n\t\t\t\t<\/div>\n\t\t\t\t\t<\/div>\n\t\t<\/div>\n\t\t\t\t<div class=\"elementor-column elementor-col-50 elementor-top-column elementor-element elementor-element-247a3b81\" data-id=\"247a3b81\" data-element_type=\"column\" data-e-type=\"column\">\n\t\t\t<div class=\"elementor-widget-wrap elementor-element-populated\">\n\t\t\t\t\t\t<div class=\"elementor-element elementor-element-7c472d73 elementor-widget elementor-widget-heading\" data-id=\"7c472d73\" data-element_type=\"widget\" data-e-type=\"widget\" data-widget_type=\"heading.default\">\n\t\t\t\t<div class=\"elementor-widget-container\">\n\t\t\t\t\t<h4 class=\"elementor-heading-title elementor-size-default\"><strong>Primeiro Socorros<\/strong><\/h4>\t\t\t\t<\/div>\n\t\t\t\t<\/div>\n\t\t\t\t<div class=\"elementor-element elementor-element-106869f5 elementor-widget elementor-widget-text-editor\" data-id=\"106869f5\" data-element_type=\"widget\" data-e-type=\"widget\" data-widget_type=\"text-editor.default\">\n\t\t\t\t<div class=\"elementor-widget-container\">\n\t\t\t\t\t\t\t\t\t<p style=\"text-align: justify;\">O curso primeiros socorros tem como objetivo capacitar os empregados para atuarem em situa\u00e7\u00f5es de emerg\u00eancias envolvendo afogamento, asfixia, hemorragias, insola\u00e7\u00e3o, AVC, infartos, choques, ferimentos, fraturas, queimaduras, convul\u00e7\u00f5es, entre outros, conhecendo o modo correto de agir e atender os requisitos da Norma Regulamentadora 07 no item 7.5.1 do Minist\u00e9rio do Trabalho e Emprego. Informa\u00e7\u00f5es de como agir frente a uma emerg\u00eancia, bem como identificar os tipos de emerg\u00eancias e os cuidados necess\u00e1rios.<\/p>\t\t\t\t\t\t\t\t<\/div>\n\t\t\t\t<\/div>\n\t\t\t\t<div class=\"elementor-element elementor-element-4307e05b elementor-align-center elementor-widget elementor-widget-button\" data-id=\"4307e05b\" data-element_type=\"widget\" data-e-type=\"widget\" data-widget_type=\"button.default\">\n\t\t\t\t<div class=\"elementor-widget-container\">\n\t\t\t\t\t\t\t\t\t<div class=\"elementor-button-wrapper\">\n\t\t\t\t\t<a class=\"elementor-button elementor-size-sm\" role=\"button\">\n\t\t\t\t\t\t<span class=\"elementor-button-content-wrapper\">\n\t\t\t\t\t\t\t\t\t<span class=\"elementor-button-text\">Inscri\u00e7\u00e3o<\/span>\n\t\t\t\t\t<\/span>\n\t\t\t\t\t<\/a>\n\t\t\t\t<\/div>\n\t\t\t\t\t\t\t\t<\/div>\n\t\t\t\t<\/div>\n\t\t\t\t\t<\/div>\n\t\t<\/div>\n\t\t\t\t\t<\/div>\n\t\t<\/section>\n\t\t\t\t<section class=\"elementor-section elementor-top-section elementor-element elementor-element-6c7347e0 elementor-section-boxed elementor-section-height-default elementor-section-height-default\" data-id=\"6c7347e0\" data-element_type=\"section\" data-e-type=\"section\">\n\t\t\t\t\t\t<div class=\"elementor-container elementor-column-gap-default\">\n\t\t\t\t\t<div class=\"elementor-column elementor-col-50 elementor-top-column elementor-element elementor-element-29099160\" data-id=\"29099160\" data-element_type=\"column\" data-e-type=\"column\">\n\t\t\t<div class=\"elementor-widget-wrap elementor-element-populated\">\n\t\t\t\t\t\t<div class=\"elementor-element elementor-element-69fee4e2 elementor-widget elementor-widget-text-editor\" data-id=\"69fee4e2\" data-element_type=\"widget\" data-e-type=\"widget\" data-widget_type=\"text-editor.default\">\n\t\t\t\t<div class=\"elementor-widget-container\">\n\t\t\t\t\t\t\t\t\t<h3><span style=\"color: #000080;\"><strong>Conte\u00fado do curso<\/strong><\/span><\/h3>\n<ul>\n \t<li>Legisla\u00e7\u00e3o pertinente<\/li>\n \t<li>Introdu\u00e7\u00e3o aos Primeiros Socorros<\/li>\n \t<li>Abordagem a Vitima<\/li>\n \t<li>Analise do Cen\u00e1rio<\/li>\n \t<li>Seguran\u00e7a Individual<\/li>\n \t<li>Sinais Vitais<\/li>\n \t<li>Respira\u00e7\u00e3o<\/li>\n \t<li>Pulso<\/li>\n \t<li>Temperatura<\/li>\n \t<li>Avalia\u00e7\u00f5es Primaria<\/li>\n \t<li>Avalia\u00e7\u00f5es Secund\u00e1rias<\/li>\n \t<li>Fraturas; Contus\u00e3o\/ entorse;<\/li>\n \t<li>Luxa\u00e7\u00e3o;<\/li>\n \t<li>Hemorragias;<\/li>\n \t<li>Asfixia;<\/li>\n \t<li>Desmaio;<\/li>\n \t<li>PCR;<\/li>\n \t<li>Convuls\u00f5es; Queimaduras;<\/li>\n \t<li>Sangramentos Nasal;<\/li>\n \t<li>Intoxica\u00e7\u00e3o;<\/li>\n \t<li>Trauma ocular;<\/li>\n \t<li>Animais Pe\u00e7onhentos;<\/li>\n \t<li>Preven\u00e7\u00e3o;<\/li>\n \t<li>Transporte do acidentado;<\/li>\n<\/ul>\n<h3><span style=\"color: #000080;\"><strong>Carga hor\u00e1ria<\/strong><\/span><\/h3>\n<ul>\n \t<li style=\"list-style-type: none;\">\n<ul>\n \t<li>8 horas<\/li>\n<\/ul>\n<\/li>\n<\/ul>\t\t\t\t\t\t\t\t<\/div>\n\t\t\t\t<\/div>\n\t\t\t\t\t<\/div>\n\t\t<\/div>\n\t\t\t\t<div class=\"elementor-column elementor-col-50 elementor-top-column elementor-element elementor-element-6dad0d88\" data-id=\"6dad0d88\" data-element_type=\"column\" data-e-type=\"column\">\n\t\t\t<div class=\"elementor-widget-wrap elementor-element-populated\">\n\t\t\t\t\t\t<div class=\"elementor-element elementor-element-498c88d4 elementor-widget elementor-widget-text-editor\" data-id=\"498c88d4\" data-element_type=\"widget\" data-e-type=\"widget\" data-widget_type=\"text-editor.default\">\n\t\t\t\t<div class=\"elementor-widget-container\">\n\t\t\t\t\t\t\t\t\t<h3><span style=\"color: #000080;\"><strong>Certifica\u00e7\u00f5es<\/strong><\/span><\/h3>\n<ul>\n \t<li>Validade 1 ano<\/li>\n<\/ul>\nClique no bot\u00e3o abaixo para fazer o download do nosso plano de curso Primeiros Socorros\t\t\t\t\t\t\t\t<\/div>\n\t\t\t\t<\/div>\n\t\t\t\t<div class=\"elementor-element elementor-element-b4e943d elementor-align-center elementor-widget elementor-widget-button\" data-id=\"b4e943d\" data-element_type=\"widget\" data-e-type=\"widget\" data-widget_type=\"button.default\">\n\t\t\t\t<div class=\"elementor-widget-container\">\n\t\t\t\t\t\t\t\t\t<div class=\"elementor-button-wrapper\">\n\t\t\t\t\t<a class=\"elementor-button elementor-button-link elementor-size-sm\" href=\"https:\/\/swellcontrol.com.br\/wp-content\/uploads\/2022\/08\/Primeiros-Socorros.pdf\" target=\"_blank\">\n\t\t\t\t\t\t<span class=\"elementor-button-content-wrapper\">\n\t\t\t\t\t\t<span class=\"elementor-button-icon\">\n\t\t\t\t<i aria-hidden=\"true\" class=\"fas fa-download\"><\/i>\t\t\t<\/span>\n\t\t\t\t\t\t\t\t\t<span class=\"elementor-button-text\">Download<\/span>\n\t\t\t\t\t<\/span>\n\t\t\t\t\t<\/a>\n\t\t\t\t<\/div>\n\t\t\t\t\t\t\t\t<\/div>\n\t\t\t\t<\/div>\n\t\t\t\t\t<\/div>\n\t\t<\/div>\n\t\t\t\t\t<\/div>\n\t\t<\/section>\n\t\t\t\t<\/div>\n\t\t","protected":false},"excerpt":{"rendered":"<p>Primeiro Socorros O curso primeiros socorros tem como objetivo capacitar os empregados para atuarem em situa\u00e7\u00f5es de emerg\u00eancias envolvendo afogamento, asfixia, hemorragias, insola\u00e7\u00e3o, AVC, infartos, choques, ferimentos, fraturas, queimaduras, convul\u00e7\u00f5es, [&hellip;]<\/p>\n","protected":false},"author":1,"featured_media":0,"parent":0,"menu_order":0,"comment_status":"closed","ping_status":"closed","template":"","meta":{"site-sidebar-layout":"no-sidebar","site-content-layout":"page-builder","ast-site-content-layout":"default","site-content-style":"default","site-sidebar-style":"default","ast-global-header-display":"","ast-banner-title-visibility":"","ast-main-header-display":"","ast-hfb-above-header-display":"","ast-hfb-below-header-display":"","ast-hfb-mobile-header-display":"","site-post-title":"disabled","ast-breadcrumbs-content":"","ast-featured-img":"disabled","footer-sml-layout":"","ast-disable-related-posts":"","theme-transparent-header-meta":"","adv-header-id-meta":"","stick-header-meta":"","header-above-stick-meta":"","header-main-stick-meta":"","header-below-stick-meta":"","astra-migrate-meta-layouts":"default","ast-page-background-enabled":"default","ast-page-background-meta":{"desktop":{"background-color":"","background-image":"","background-repeat":"repeat","background-position":"center center","background-size":"auto","background-attachment":"scroll","background-type":"","background-media":"","overlay-type":"","overlay-color":"","overlay-opacity":"","overlay-gradient":""},"tablet":{"background-color":"","background-image":"","background-repeat":"repeat","background-position":"center center","background-size":"auto","background-attachment":"scroll","background-type":"","background-media":"","overlay-type":"","overlay-color":"","overlay-opacity":"","overlay-gradient":""},"mobile":{"background-color":"","background-image":"","background-repeat":"repeat","background-position":"center center","background-size":"auto","background-attachment":"scroll","background-type":"","background-media":"","overlay-type":"","overlay-color":"","overlay-opacity":"","overlay-gradient":""}},"ast-content-background-meta":{"desktop":{"background-color":"var(--ast-global-color-5)","background-image":"","background-repeat":"repeat","background-position":"center center","background-size":"auto","background-attachment":"scroll","background-type":"","background-media":"","overlay-type":"","overlay-color":"","overlay-opacity":"","overlay-gradient":""},"tablet":{"background-color":"var(--ast-global-color-5)","background-image":"","background-repeat":"repeat","background-position":"center center","background-size":"auto","background-attachment":"scroll","background-type":"","background-media":"","overlay-type":"","overlay-color":"","overlay-opacity":"","overlay-gradient":""},"mobile":{"background-color":"var(--ast-global-color-5)","background-image":"","background-repeat":"repeat","background-position":"center center","background-size":"auto","background-attachment":"scroll","background-type":"","background-media":"","overlay-type":"","overlay-color":"","overlay-opacity":"","overlay-gradient":""}},"_price":"","_stock":"","_tribe_ticket_header":"","_tribe_default_ticket_provider":"","_tribe_ticket_capacity":"0","_ticket_start_date":"","_ticket_end_date":"","_tribe_ticket_show_description":"","_tribe_ticket_show_not_going":false,"_tribe_ticket_use_global_stock":"","_tribe_ticket_global_stock_level":"","_global_stock_mode":"","_global_stock_cap":"","_tribe_rsvp_for_event":"","_tribe_ticket_going_count":"","_tribe_ticket_not_going_count":"","_tribe_tickets_list":"[]","_tribe_ticket_has_attendee_info_fields":false,"footnotes":"","_tec_slr_enabled":"","_tec_slr_layout":""},"class_list":["post-3847","page","type-page","status-publish","hentry"],"jetpack_sharing_enabled":true,"ticketed":false,"_links":{"self":[{"href":"https:\/\/swellcontrol.com.br\/index.php\/wp-json\/wp\/v2\/pages\/3847","targetHints":{"allow":["GET"]}}],"collection":[{"href":"https:\/\/swellcontrol.com.br\/index.php\/wp-json\/wp\/v2\/pages"}],"about":[{"href":"https:\/\/swellcontrol.com.br\/index.php\/wp-json\/wp\/v2\/types\/page"}],"author":[{"embeddable":true,"href":"https:\/\/swellcontrol.com.br\/index.php\/wp-json\/wp\/v2\/users\/1"}],"replies":[{"embeddable":true,"href":"https:\/\/swellcontrol.com.br\/index.php\/wp-json\/wp\/v2\/comments?post=3847"}],"version-history":[{"count":70,"href":"https:\/\/swellcontrol.com.br\/index.php\/wp-json\/wp\/v2\/pages\/3847\/revisions"}],"predecessor-version":[{"id":6751,"href":"https:\/\/swellcontrol.com.br\/index.php\/wp-json\/wp\/v2\/pages\/3847\/revisions\/6751"}],"wp:attachment":[{"href":"https:\/\/swellcontrol.com.br\/index.php\/wp-json\/wp\/v2\/media?parent=3847"}],"curies":[{"name":"wp","href":"https:\/\/api.w.org\/{rel}","templated":true}]}}