{"id":3787,"date":"2022-07-20T11:36:24","date_gmt":"2022-07-20T14:36:24","guid":{"rendered":"https:\/\/swellcontrol.com.br\/?page_id=3787"},"modified":"2022-07-27T11:25:44","modified_gmt":"2022-07-27T14:25:44","slug":"labor","status":"publish","type":"page","link":"https:\/\/swellcontrol.com.br\/index.php\/labor\/","title":{"rendered":"Labor"},"content":{"rendered":"\t\t<div data-elementor-type=\"wp-page\" data-elementor-id=\"3787\" class=\"elementor elementor-3787\" data-elementor-post-type=\"page\">\n\t\t\t\t\t\t<section class=\"elementor-section elementor-top-section elementor-element elementor-element-d2bde3f elementor-section-boxed elementor-section-height-default elementor-section-height-default\" data-id=\"d2bde3f\" data-element_type=\"section\" data-e-type=\"section\" data-settings=\"{&quot;background_background&quot;:&quot;classic&quot;}\">\n\t\t\t\t\t\t<div class=\"elementor-container elementor-column-gap-default\">\n\t\t\t\t\t<div class=\"elementor-column elementor-col-50 elementor-top-column elementor-element elementor-element-73eff205\" data-id=\"73eff205\" data-element_type=\"column\" data-e-type=\"column\">\n\t\t\t<div class=\"elementor-widget-wrap elementor-element-populated\">\n\t\t\t\t\t\t<div class=\"elementor-element elementor-element-6e3bb9ce elementor-widget elementor-widget-spacer\" data-id=\"6e3bb9ce\" data-element_type=\"widget\" data-e-type=\"widget\" data-widget_type=\"spacer.default\">\n\t\t\t\t<div class=\"elementor-widget-container\">\n\t\t\t\t\t\t\t<div class=\"elementor-spacer\">\n\t\t\t<div class=\"elementor-spacer-inner\"><\/div>\n\t\t<\/div>\n\t\t\t\t\t\t<\/div>\n\t\t\t\t<\/div>\n\t\t\t\t<div class=\"elementor-element elementor-element-5768a9d6 elementor-widget elementor-widget-image\" data-id=\"5768a9d6\" data-element_type=\"widget\" data-e-type=\"widget\" data-widget_type=\"image.default\">\n\t\t\t\t<div class=\"elementor-widget-container\">\n\t\t\t\t\t\t\t\t\t\t\t\t\t\t\t<img fetchpriority=\"high\" decoding=\"async\" width=\"2000\" height=\"1300\" src=\"https:\/\/swellcontrol.com.br\/wp-content\/uploads\/2022\/07\/SUPERVISOR.png\" class=\"attachment-full size-full wp-image-4280\" alt=\"\" srcset=\"https:\/\/swellcontrol.com.br\/wp-content\/uploads\/2022\/07\/SUPERVISOR.png 2000w, https:\/\/swellcontrol.com.br\/wp-content\/uploads\/2022\/07\/SUPERVISOR-300x195.png 300w, https:\/\/swellcontrol.com.br\/wp-content\/uploads\/2022\/07\/SUPERVISOR-1024x666.png 1024w, https:\/\/swellcontrol.com.br\/wp-content\/uploads\/2022\/07\/SUPERVISOR-768x499.png 768w, https:\/\/swellcontrol.com.br\/wp-content\/uploads\/2022\/07\/SUPERVISOR-1536x998.png 1536w\" sizes=\"(max-width: 2000px) 100vw, 2000px\" \/>\t\t\t\t\t\t\t\t\t\t\t\t\t\t\t<\/div>\n\t\t\t\t<\/div>\n\t\t\t\t\t<\/div>\n\t\t<\/div>\n\t\t\t\t<div class=\"elementor-column elementor-col-50 elementor-top-column elementor-element elementor-element-6cf87ad0\" data-id=\"6cf87ad0\" data-element_type=\"column\" data-e-type=\"column\">\n\t\t\t<div class=\"elementor-widget-wrap elementor-element-populated\">\n\t\t\t\t\t\t<div class=\"elementor-element elementor-element-3ea3f13e elementor-widget elementor-widget-spacer\" data-id=\"3ea3f13e\" data-element_type=\"widget\" data-e-type=\"widget\" data-widget_type=\"spacer.default\">\n\t\t\t\t<div class=\"elementor-widget-container\">\n\t\t\t\t\t\t\t<div class=\"elementor-spacer\">\n\t\t\t<div class=\"elementor-spacer-inner\"><\/div>\n\t\t<\/div>\n\t\t\t\t\t\t<\/div>\n\t\t\t\t<\/div>\n\t\t\t\t<div class=\"elementor-element elementor-element-14ea426b elementor-widget elementor-widget-heading\" data-id=\"14ea426b\" data-element_type=\"widget\" data-e-type=\"widget\" data-widget_type=\"heading.default\">\n\t\t\t\t<div class=\"elementor-widget-container\">\n\t\t\t\t\t<h4 class=\"elementor-heading-title elementor-size-default\">Labor And Operation Menagement<\/h4>\t\t\t\t<\/div>\n\t\t\t\t<\/div>\n\t\t\t\t<div class=\"elementor-element elementor-element-2fa5bfaa elementor-widget elementor-widget-text-editor\" data-id=\"2fa5bfaa\" data-element_type=\"widget\" data-e-type=\"widget\" data-widget_type=\"text-editor.default\">\n\t\t\t\t<div class=\"elementor-widget-container\">\n\t\t\t\t\t\t\t\t\t<p class=\"MsoNormal\">A SWC \u00e9 tamb\u00e9m uma empresa de engenharia consultiva que se orgulha de ter como principal miss\u00e3o a presta\u00e7\u00e3o de servi\u00e7os diferenciados, visando a plena satisfa\u00e7\u00e3o de seus clientes. Seus funcion\u00e1rios permanentes possuem ampla experi\u00eancia em estudos, projetos, supervis\u00e3o e gerenciamento de projetos, tanto no Brasil quanto no exterior. Trabalhando com efici\u00eancia, transpar\u00eancia e seguran\u00e7a em diversos setores do mercado. Atua nas \u00e1reas industrial, energia e telecomunica\u00e7\u00f5es, edifica\u00e7\u00f5es, obras p\u00fablicas, recupera\u00e7\u00e3o de \u00e1reas, meio ambiente e saneamento.<\/p><p class=\"MsoNormal\">\u00a0 TIPOS DE SERVI\u00c7OS:<\/p><p class=\"MsoNormal\">\u2022 CONSULTORIA DE PROJETOS DE ENGENHARIA<\/p><p class=\"MsoNormal\">\u2022 SUPERVIS\u00c3O E INSPE\u00c7\u00c3O DE OBRAS E EMPREENDIMENTOS<\/p><p class=\"MsoNormal\">\u2022 CONSULTORIA, PROJETOS E SERVI\u00c7OS<\/p><p class=\"MsoNormal\">\u2022 GEST\u00c3O DE EMPRESAS<\/p>\t\t\t\t\t\t\t\t<\/div>\n\t\t\t\t<\/div>\n\t\t\t\t\t<\/div>\n\t\t<\/div>\n\t\t\t\t\t<\/div>\n\t\t<\/section>\n\t\t\t\t<\/div>\n\t\t","protected":false},"excerpt":{"rendered":"<p>Labor And Operation Menagement A SWC \u00e9 tamb\u00e9m uma empresa de engenharia consultiva que se orgulha de ter como principal miss\u00e3o a presta\u00e7\u00e3o de servi\u00e7os diferenciados, visando a plena satisfa\u00e7\u00e3o [&hellip;]<\/p>\n","protected":false},"author":1,"featured_media":0,"parent":0,"menu_order":0,"comment_status":"closed","ping_status":"closed","template":"","meta":{"site-sidebar-layout":"no-sidebar","site-content-layout":"page-builder","ast-site-content-layout":"default","site-content-style":"default","site-sidebar-style":"default","ast-global-header-display":"","ast-banner-title-visibility":"","ast-main-header-display":"","ast-hfb-above-header-display":"","ast-hfb-below-header-display":"","ast-hfb-mobile-header-display":"","site-post-title":"disabled","ast-breadcrumbs-content":"","ast-featured-img":"disabled","footer-sml-layout":"","ast-disable-related-posts":"","theme-transparent-header-meta":"","adv-header-id-meta":"","stick-header-meta":"","header-above-stick-meta":"","header-main-stick-meta":"","header-below-stick-meta":"","astra-migrate-meta-layouts":"default","ast-page-background-enabled":"default","ast-page-background-meta":{"desktop":{"background-color":"","background-image":"","background-repeat":"repeat","background-position":"center center","background-size":"auto","background-attachment":"scroll","background-type":"","background-media":"","overlay-type":"","overlay-color":"","overlay-opacity":"","overlay-gradient":""},"tablet":{"background-color":"","background-image":"","background-repeat":"repeat","background-position":"center center","background-size":"auto","background-attachment":"scroll","background-type":"","background-media":"","overlay-type":"","overlay-color":"","overlay-opacity":"","overlay-gradient":""},"mobile":{"background-color":"","background-image":"","background-repeat":"repeat","background-position":"center center","background-size":"auto","background-attachment":"scroll","background-type":"","background-media":"","overlay-type":"","overlay-color":"","overlay-opacity":"","overlay-gradient":""}},"ast-content-background-meta":{"desktop":{"background-color":"var(--ast-global-color-5)","background-image":"","background-repeat":"repeat","background-position":"center center","background-size":"auto","background-attachment":"scroll","background-type":"","background-media":"","overlay-type":"","overlay-color":"","overlay-opacity":"","overlay-gradient":""},"tablet":{"background-color":"var(--ast-global-color-5)","background-image":"","background-repeat":"repeat","background-position":"center center","background-size":"auto","background-attachment":"scroll","background-type":"","background-media":"","overlay-type":"","overlay-color":"","overlay-opacity":"","overlay-gradient":""},"mobile":{"background-color":"var(--ast-global-color-5)","background-image":"","background-repeat":"repeat","background-position":"center center","background-size":"auto","background-attachment":"scroll","background-type":"","background-media":"","overlay-type":"","overlay-color":"","overlay-opacity":"","overlay-gradient":""}},"_price":"","_stock":"","_tribe_ticket_header":"","_tribe_default_ticket_provider":"","_tribe_ticket_capacity":"0","_ticket_start_date":"","_ticket_end_date":"","_tribe_ticket_show_description":"","_tribe_ticket_show_not_going":false,"_tribe_ticket_use_global_stock":"","_tribe_ticket_global_stock_level":"","_global_stock_mode":"","_global_stock_cap":"","_tribe_rsvp_for_event":"","_tribe_ticket_going_count":"","_tribe_ticket_not_going_count":"","_tribe_tickets_list":"[]","_tribe_ticket_has_attendee_info_fields":false,"footnotes":"","_tec_slr_enabled":"","_tec_slr_layout":""},"class_list":["post-3787","page","type-page","status-publish","hentry"],"jetpack_sharing_enabled":true,"ticketed":false,"_links":{"self":[{"href":"https:\/\/swellcontrol.com.br\/index.php\/wp-json\/wp\/v2\/pages\/3787","targetHints":{"allow":["GET"]}}],"collection":[{"href":"https:\/\/swellcontrol.com.br\/index.php\/wp-json\/wp\/v2\/pages"}],"about":[{"href":"https:\/\/swellcontrol.com.br\/index.php\/wp-json\/wp\/v2\/types\/page"}],"author":[{"embeddable":true,"href":"https:\/\/swellcontrol.com.br\/index.php\/wp-json\/wp\/v2\/users\/1"}],"replies":[{"embeddable":true,"href":"https:\/\/swellcontrol.com.br\/index.php\/wp-json\/wp\/v2\/comments?post=3787"}],"version-history":[{"count":37,"href":"https:\/\/swellcontrol.com.br\/index.php\/wp-json\/wp\/v2\/pages\/3787\/revisions"}],"predecessor-version":[{"id":4716,"href":"https:\/\/swellcontrol.com.br\/index.php\/wp-json\/wp\/v2\/pages\/3787\/revisions\/4716"}],"wp:attachment":[{"href":"https:\/\/swellcontrol.com.br\/index.php\/wp-json\/wp\/v2\/media?parent=3787"}],"curies":[{"name":"wp","href":"https:\/\/api.w.org\/{rel}","templated":true}]}}