{"id":3774,"date":"2022-07-20T11:32:31","date_gmt":"2022-07-20T14:32:31","guid":{"rendered":"https:\/\/swellcontrol.com.br\/?page_id=3774"},"modified":"2024-05-07T15:46:49","modified_gmt":"2024-05-07T18:46:49","slug":"well-control-operations-drilling-supervisor","status":"publish","type":"page","link":"https:\/\/swellcontrol.com.br\/index.php\/well-control-operations-drilling-supervisor\/","title":{"rendered":"Well Control Operations Drilling\/Supervisor"},"content":{"rendered":"\t\t<div data-elementor-type=\"wp-page\" data-elementor-id=\"3774\" class=\"elementor elementor-3774\" data-elementor-post-type=\"page\">\n\t\t\t\t\t\t<section class=\"elementor-section elementor-top-section elementor-element elementor-element-6e47c223 elementor-section-boxed elementor-section-height-default elementor-section-height-default\" data-id=\"6e47c223\" data-element_type=\"section\" data-e-type=\"section\">\n\t\t\t\t\t\t<div class=\"elementor-container elementor-column-gap-default\">\n\t\t\t\t\t<div class=\"elementor-column elementor-col-50 elementor-top-column elementor-element elementor-element-a80727b\" data-id=\"a80727b\" data-element_type=\"column\" data-e-type=\"column\">\n\t\t\t<div class=\"elementor-widget-wrap elementor-element-populated\">\n\t\t\t\t\t\t<div class=\"elementor-element elementor-element-7162acbe elementor-widget elementor-widget-spacer\" data-id=\"7162acbe\" data-element_type=\"widget\" data-e-type=\"widget\" data-widget_type=\"spacer.default\">\n\t\t\t\t<div class=\"elementor-widget-container\">\n\t\t\t\t\t\t\t<div class=\"elementor-spacer\">\n\t\t\t<div class=\"elementor-spacer-inner\"><\/div>\n\t\t<\/div>\n\t\t\t\t\t\t<\/div>\n\t\t\t\t<\/div>\n\t\t\t\t<div class=\"elementor-element elementor-element-7a9447f7 elementor-widget elementor-widget-image\" data-id=\"7a9447f7\" data-element_type=\"widget\" data-e-type=\"widget\" data-widget_type=\"image.default\">\n\t\t\t\t<div class=\"elementor-widget-container\">\n\t\t\t\t\t\t\t\t\t\t\t\t\t\t\t<img fetchpriority=\"high\" decoding=\"async\" width=\"2000\" height=\"1300\" src=\"https:\/\/swellcontrol.com.br\/wp-content\/uploads\/2022\/07\/SUPERVISOR.png\" class=\"attachment-full size-full wp-image-4280\" alt=\"\" srcset=\"https:\/\/swellcontrol.com.br\/wp-content\/uploads\/2022\/07\/SUPERVISOR.png 2000w, https:\/\/swellcontrol.com.br\/wp-content\/uploads\/2022\/07\/SUPERVISOR-300x195.png 300w, https:\/\/swellcontrol.com.br\/wp-content\/uploads\/2022\/07\/SUPERVISOR-1024x666.png 1024w, https:\/\/swellcontrol.com.br\/wp-content\/uploads\/2022\/07\/SUPERVISOR-768x499.png 768w, https:\/\/swellcontrol.com.br\/wp-content\/uploads\/2022\/07\/SUPERVISOR-1536x998.png 1536w\" sizes=\"(max-width: 2000px) 100vw, 2000px\" \/>\t\t\t\t\t\t\t\t\t\t\t\t\t\t\t<\/div>\n\t\t\t\t<\/div>\n\t\t\t\t\t<\/div>\n\t\t<\/div>\n\t\t\t\t<div class=\"elementor-column elementor-col-50 elementor-top-column elementor-element elementor-element-1e4929dc\" data-id=\"1e4929dc\" data-element_type=\"column\" data-e-type=\"column\">\n\t\t\t<div class=\"elementor-widget-wrap elementor-element-populated\">\n\t\t\t\t\t\t<div class=\"elementor-element elementor-element-545035da elementor-widget elementor-widget-heading\" data-id=\"545035da\" data-element_type=\"widget\" data-e-type=\"widget\" data-widget_type=\"heading.default\">\n\t\t\t\t<div class=\"elementor-widget-container\">\n\t\t\t\t\t<h4 class=\"elementor-heading-title elementor-size-default\"><strong>Well Control <br>Drilling Operations\nSupervisor<\/strong><\/h4>\t\t\t\t<\/div>\n\t\t\t\t<\/div>\n\t\t\t\t<div class=\"elementor-element elementor-element-1bd888c5 elementor-widget elementor-widget-text-editor\" data-id=\"1bd888c5\" data-element_type=\"widget\" data-e-type=\"widget\" data-widget_type=\"text-editor.default\">\n\t\t\t\t<div class=\"elementor-widget-container\">\n\t\t\t\t\t\t\t\t\t<p class=\"p1\">O curso de Well Control pelo programa IADC WellSharp no n\u00edvel de Supervis\u00e3o \u00e9 uma etapa avan\u00e7ada destinada a profissionais que desejam assumir fun\u00e7\u00f5es de supervis\u00e3o e lideran\u00e7a em opera\u00e7\u00f5es de perfura\u00e7\u00e3o. Este curso proporciona uma compreens\u00e3o abrangente e detalhada dos princ\u00edpios avan\u00e7ados de controle de po\u00e7o, al\u00e9m de desenvolver habilidades de gest\u00e3o de equipes e tomada de decis\u00f5es estrat\u00e9gicas em situa\u00e7\u00f5es de press\u00e3o. Os participantes exploram uma variedade de t\u00f3picos, desde an\u00e1lise avan\u00e7ada de influxo at\u00e9 planejamento e execu\u00e7\u00e3o de opera\u00e7\u00f5es de controle de po\u00e7o em cen\u00e1rios complexos. Al\u00e9m disso, o curso aborda pr\u00e1ticas de lideran\u00e7a, comunica\u00e7\u00e3o eficaz e gerenciamento de crises durante as opera\u00e7\u00f5es de perfura\u00e7\u00e3o. Com uma combina\u00e7\u00e3o de teoria, estudos de caso e simula\u00e7\u00f5es pr\u00e1ticas, os participantes s\u00e3o capacitados para liderar equipes com seguran\u00e7a e efici\u00eancia, garantindo o sucesso das opera\u00e7\u00f5es de perfura\u00e7\u00e3o em ambientes onshore e offshore.<\/p><p class=\"p1\">O curso de Well Control pelo programa IADC WellSharp no n\u00edvel de Supervis\u00e3o \u00e9 abrangente e avan\u00e7ado, cobrindo uma variedade de t\u00f3picos cruciais para profissionais que assumem fun\u00e7\u00f5es de supervis\u00e3o em opera\u00e7\u00f5es de perfura\u00e7\u00e3o.<\/p>\t\t\t\t\t\t\t\t<\/div>\n\t\t\t\t<\/div>\n\t\t\t\t<div class=\"elementor-element elementor-element-6667149e elementor-align-center elementor-widget elementor-widget-button\" data-id=\"6667149e\" data-element_type=\"widget\" data-e-type=\"widget\" data-widget_type=\"button.default\">\n\t\t\t\t<div class=\"elementor-widget-container\">\n\t\t\t\t\t\t\t\t\t<div class=\"elementor-button-wrapper\">\n\t\t\t\t\t<a class=\"elementor-button elementor-button-link elementor-size-sm\" href=\"https:\/\/api.whatsapp.com\/send?phone=557140404080\">\n\t\t\t\t\t\t<span class=\"elementor-button-content-wrapper\">\n\t\t\t\t\t\t\t\t\t<span class=\"elementor-button-text\">Inscri\u00e7\u00e3o<\/span>\n\t\t\t\t\t<\/span>\n\t\t\t\t\t<\/a>\n\t\t\t\t<\/div>\n\t\t\t\t\t\t\t\t<\/div>\n\t\t\t\t<\/div>\n\t\t\t\t\t<\/div>\n\t\t<\/div>\n\t\t\t\t\t<\/div>\n\t\t<\/section>\n\t\t\t\t<section class=\"elementor-section elementor-top-section elementor-element elementor-element-6d9c305d elementor-section-boxed elementor-section-height-default elementor-section-height-default\" data-id=\"6d9c305d\" data-element_type=\"section\" data-e-type=\"section\">\n\t\t\t\t\t\t<div class=\"elementor-container elementor-column-gap-default\">\n\t\t\t\t\t<div class=\"elementor-column elementor-col-50 elementor-top-column elementor-element elementor-element-556c972c\" data-id=\"556c972c\" data-element_type=\"column\" data-e-type=\"column\">\n\t\t\t<div class=\"elementor-widget-wrap elementor-element-populated\">\n\t\t\t\t\t\t<div class=\"elementor-element elementor-element-10216ae2 elementor-widget elementor-widget-text-editor\" data-id=\"10216ae2\" data-element_type=\"widget\" data-e-type=\"widget\" data-widget_type=\"text-editor.default\">\n\t\t\t\t<div class=\"elementor-widget-container\">\n\t\t\t\t\t\t\t\t\t<h3><span style=\"color: #000080;\"><strong>Conte\u00fado do curso<\/strong><\/span><\/h3><ul><li>Revis\u00e3o detalhada dos princ\u00edpios fundamentais de controle de po\u00e7o.<\/li><li>An\u00e1lise avan\u00e7ada de influxo e m\u00e9todos sofisticados de circula\u00e7\u00e3o.<\/li><li>Estrat\u00e9gias para planejamento e execu\u00e7\u00e3o de opera\u00e7\u00f5es de controle de po\u00e7o em cen\u00e1rios complexos.<\/li><li>Gerenciamento de equipes e comunica\u00e7\u00e3o eficaz durante situa\u00e7\u00f5es de crise.<\/li><li>Uso avan\u00e7ado de equipamentos de controle de po\u00e7o e sistemas de seguran\u00e7a.<\/li><li>Pr\u00e1ticas de lideran\u00e7a e tomada de decis\u00f5es sob press\u00e3o.<\/li><li>Gerenciamento de riscos e preven\u00e7\u00e3o de acidentes durante as opera\u00e7\u00f5es de perfura\u00e7\u00e3o.<\/li><li>Estudos de caso de incidentes reais e an\u00e1lise de li\u00e7\u00f5es aprendidas.<\/li><\/ul><h3><span style=\"color: #000080;\"><strong>Carga hor\u00e1ria<\/strong><\/span><\/h3><ul><li style=\"list-style-type: none;\"><ul><li><p class=\"p1\">40 \u00e0 48 horas<\/p><\/li><\/ul><\/li><\/ul>\t\t\t\t\t\t\t\t<\/div>\n\t\t\t\t<\/div>\n\t\t\t\t\t<\/div>\n\t\t<\/div>\n\t\t\t\t<div class=\"elementor-column elementor-col-50 elementor-top-column elementor-element elementor-element-2e1e2b75\" data-id=\"2e1e2b75\" data-element_type=\"column\" data-e-type=\"column\">\n\t\t\t<div class=\"elementor-widget-wrap elementor-element-populated\">\n\t\t\t\t\t\t<div class=\"elementor-element elementor-element-6055ef5a elementor-widget elementor-widget-text-editor\" data-id=\"6055ef5a\" data-element_type=\"widget\" data-e-type=\"widget\" data-widget_type=\"text-editor.default\">\n\t\t\t\t<div class=\"elementor-widget-container\">\n\t\t\t\t\t\t\t\t\t<h3><span style=\"color: #000080;\"><strong>P\u00fablico alvo<\/strong><\/span><\/h3><ul><li>Engenheiros<\/li><li>Encarregados de sonda<\/li><li>Supervisor<\/li><li>Consultores<\/li><li>Ge\u00f3logos<\/li><li>Coordenador de GEP<\/li><li>CSD de opera\u00e7\u00e3o e CSD de integridade\/seguran\u00e7a de po\u00e7o<\/li><li>Gerente operacional da sonda<\/li><li>Gerente imediato (opera\u00e7\u00e3o de constru\u00e7\u00e3o e manuten\u00e7\u00e3o de po\u00e7o)<\/li><li>Especialista em seguran\u00e7a de po\u00e7o<\/li><li>Fiscal (Supervisor ou superintendente)<\/li><li>Encarregado\/supervisor de \u201cwell testing\u201d<\/li><li>Encarregado\/supervisor de MPD\/\u201dUnder Ballance Driling\u201d (UBD)<\/li><\/ul><h3><span style=\"color: #000080;\"><strong>Certifica\u00e7\u00f5es<\/strong><\/span><\/h3><ul><li>IADC WellSharp<\/li><li>SWC School Of Well Control<\/li><li>Validade 2 anos<\/li><\/ul>\t\t\t\t\t\t\t\t<\/div>\n\t\t\t\t<\/div>\n\t\t\t\t<div class=\"elementor-element elementor-element-34638fb elementor-widget elementor-widget-text-editor\" data-id=\"34638fb\" data-element_type=\"widget\" data-e-type=\"widget\" data-widget_type=\"text-editor.default\">\n\t\t\t\t<div class=\"elementor-widget-container\">\n\t\t\t\t\t\t\t\t\t<p style=\"text-align: center;\">Clique no bot\u00e3o de Download abaixo para baixar o plano do curso<\/p>\t\t\t\t\t\t\t\t<\/div>\n\t\t\t\t<\/div>\n\t\t\t\t<div class=\"elementor-element elementor-element-2703e34 elementor-align-center elementor-widget elementor-widget-button\" data-id=\"2703e34\" data-element_type=\"widget\" data-e-type=\"widget\" data-widget_type=\"button.default\">\n\t\t\t\t<div class=\"elementor-widget-container\">\n\t\t\t\t\t\t\t\t\t<div class=\"elementor-button-wrapper\">\n\t\t\t\t\t<a class=\"elementor-button elementor-button-link elementor-size-sm\" href=\"https:\/\/swellcontrol.com.br\/wp-content\/uploads\/2024\/05\/DOS.pdf\" target=\"_blank\">\n\t\t\t\t\t\t<span class=\"elementor-button-content-wrapper\">\n\t\t\t\t\t\t<span class=\"elementor-button-icon\">\n\t\t\t\t<i aria-hidden=\"true\" class=\"fas fa-download\"><\/i>\t\t\t<\/span>\n\t\t\t\t\t\t\t\t\t<span class=\"elementor-button-text\">Download<\/span>\n\t\t\t\t\t<\/span>\n\t\t\t\t\t<\/a>\n\t\t\t\t<\/div>\n\t\t\t\t\t\t\t\t<\/div>\n\t\t\t\t<\/div>\n\t\t\t\t\t<\/div>\n\t\t<\/div>\n\t\t\t\t\t<\/div>\n\t\t<\/section>\n\t\t\t\t<section class=\"elementor-section elementor-top-section elementor-element elementor-element-03f182d elementor-section-boxed elementor-section-height-default elementor-section-height-default\" data-id=\"03f182d\" data-element_type=\"section\" data-e-type=\"section\">\n\t\t\t\t\t\t<div class=\"elementor-container elementor-column-gap-default\">\n\t\t\t\t\t<div class=\"elementor-column elementor-col-100 elementor-top-column elementor-element elementor-element-eecc8d9\" data-id=\"eecc8d9\" data-element_type=\"column\" data-e-type=\"column\">\n\t\t\t<div class=\"elementor-widget-wrap\">\n\t\t\t\t\t\t\t<\/div>\n\t\t<\/div>\n\t\t\t\t\t<\/div>\n\t\t<\/section>\n\t\t\t\t<\/div>\n\t\t","protected":false},"excerpt":{"rendered":"<p>Well Control Drilling Operations Supervisor O curso de Well Control pelo programa IADC WellSharp no n\u00edvel de Supervis\u00e3o \u00e9 uma etapa avan\u00e7ada destinada a profissionais que desejam assumir fun\u00e7\u00f5es de [&hellip;]<\/p>\n","protected":false},"author":1,"featured_media":0,"parent":0,"menu_order":0,"comment_status":"closed","ping_status":"closed","template":"","meta":{"site-sidebar-layout":"no-sidebar","site-content-layout":"page-builder","ast-site-content-layout":"default","site-content-style":"default","site-sidebar-style":"default","ast-global-header-display":"","ast-banner-title-visibility":"","ast-main-header-display":"","ast-hfb-above-header-display":"","ast-hfb-below-header-display":"","ast-hfb-mobile-header-display":"","site-post-title":"disabled","ast-breadcrumbs-content":"","ast-featured-img":"disabled","footer-sml-layout":"","ast-disable-related-posts":"","theme-transparent-header-meta":"","adv-header-id-meta":"","stick-header-meta":"","header-above-stick-meta":"","header-main-stick-meta":"","header-below-stick-meta":"","astra-migrate-meta-layouts":"default","ast-page-background-enabled":"default","ast-page-background-meta":{"desktop":{"background-color":"","background-image":"","background-repeat":"repeat","background-position":"center center","background-size":"auto","background-attachment":"scroll","background-type":"","background-media":"","overlay-type":"","overlay-color":"","overlay-opacity":"","overlay-gradient":""},"tablet":{"background-color":"","background-image":"","background-repeat":"repeat","background-position":"center center","background-size":"auto","background-attachment":"scroll","background-type":"","background-media":"","overlay-type":"","overlay-color":"","overlay-opacity":"","overlay-gradient":""},"mobile":{"background-color":"","background-image":"","background-repeat":"repeat","background-position":"center center","background-size":"auto","background-attachment":"scroll","background-type":"","background-media":"","overlay-type":"","overlay-color":"","overlay-opacity":"","overlay-gradient":""}},"ast-content-background-meta":{"desktop":{"background-color":"var(--ast-global-color-5)","background-image":"","background-repeat":"repeat","background-position":"center center","background-size":"auto","background-attachment":"scroll","background-type":"","background-media":"","overlay-type":"","overlay-color":"","overlay-opacity":"","overlay-gradient":""},"tablet":{"background-color":"var(--ast-global-color-5)","background-image":"","background-repeat":"repeat","background-position":"center center","background-size":"auto","background-attachment":"scroll","background-type":"","background-media":"","overlay-type":"","overlay-color":"","overlay-opacity":"","overlay-gradient":""},"mobile":{"background-color":"var(--ast-global-color-5)","background-image":"","background-repeat":"repeat","background-position":"center center","background-size":"auto","background-attachment":"scroll","background-type":"","background-media":"","overlay-type":"","overlay-color":"","overlay-opacity":"","overlay-gradient":""}},"_price":"","_stock":"","_tribe_ticket_header":"","_tribe_default_ticket_provider":"","_tribe_ticket_capacity":"0","_ticket_start_date":"","_ticket_end_date":"","_tribe_ticket_show_description":"","_tribe_ticket_show_not_going":false,"_tribe_ticket_use_global_stock":"","_tribe_ticket_global_stock_level":"","_global_stock_mode":"","_global_stock_cap":"","_tribe_rsvp_for_event":"","_tribe_ticket_going_count":"","_tribe_ticket_not_going_count":"","_tribe_tickets_list":"[]","_tribe_ticket_has_attendee_info_fields":false,"footnotes":"","_tec_slr_enabled":"","_tec_slr_layout":""},"class_list":["post-3774","page","type-page","status-publish","hentry"],"jetpack_sharing_enabled":true,"ticketed":false,"_links":{"self":[{"href":"https:\/\/swellcontrol.com.br\/index.php\/wp-json\/wp\/v2\/pages\/3774","targetHints":{"allow":["GET"]}}],"collection":[{"href":"https:\/\/swellcontrol.com.br\/index.php\/wp-json\/wp\/v2\/pages"}],"about":[{"href":"https:\/\/swellcontrol.com.br\/index.php\/wp-json\/wp\/v2\/types\/page"}],"author":[{"embeddable":true,"href":"https:\/\/swellcontrol.com.br\/index.php\/wp-json\/wp\/v2\/users\/1"}],"replies":[{"embeddable":true,"href":"https:\/\/swellcontrol.com.br\/index.php\/wp-json\/wp\/v2\/comments?post=3774"}],"version-history":[{"count":98,"href":"https:\/\/swellcontrol.com.br\/index.php\/wp-json\/wp\/v2\/pages\/3774\/revisions"}],"predecessor-version":[{"id":7097,"href":"https:\/\/swellcontrol.com.br\/index.php\/wp-json\/wp\/v2\/pages\/3774\/revisions\/7097"}],"wp:attachment":[{"href":"https:\/\/swellcontrol.com.br\/index.php\/wp-json\/wp\/v2\/media?parent=3774"}],"curies":[{"name":"wp","href":"https:\/\/api.w.org\/{rel}","templated":true}]}}