{"id":3764,"date":"2022-07-20T11:20:49","date_gmt":"2022-07-20T14:20:49","guid":{"rendered":"https:\/\/swellcontrol.com.br\/?page_id=3764"},"modified":"2024-05-08T09:26:52","modified_gmt":"2024-05-08T12:26:52","slug":"drilling-operations-introductory","status":"publish","type":"page","link":"https:\/\/swellcontrol.com.br\/index.php\/drilling-operations-introductory\/","title":{"rendered":"Drilling Operations Introductory"},"content":{"rendered":"\t\t<div data-elementor-type=\"wp-page\" data-elementor-id=\"3764\" class=\"elementor elementor-3764\" data-elementor-post-type=\"page\">\n\t\t\t\t\t\t<section class=\"elementor-section elementor-top-section elementor-element elementor-element-83b5171 elementor-section-boxed elementor-section-height-default elementor-section-height-default\" data-id=\"83b5171\" data-element_type=\"section\" data-e-type=\"section\">\n\t\t\t\t\t\t<div class=\"elementor-container elementor-column-gap-default\">\n\t\t\t\t\t<div class=\"elementor-column elementor-col-50 elementor-top-column elementor-element elementor-element-e36b231\" data-id=\"e36b231\" data-element_type=\"column\" data-e-type=\"column\">\n\t\t\t<div class=\"elementor-widget-wrap elementor-element-populated\">\n\t\t\t\t\t\t<div class=\"elementor-element elementor-element-d2ecc03 elementor-widget elementor-widget-spacer\" data-id=\"d2ecc03\" data-element_type=\"widget\" data-e-type=\"widget\" data-widget_type=\"spacer.default\">\n\t\t\t\t<div class=\"elementor-widget-container\">\n\t\t\t\t\t\t\t<div class=\"elementor-spacer\">\n\t\t\t<div class=\"elementor-spacer-inner\"><\/div>\n\t\t<\/div>\n\t\t\t\t\t\t<\/div>\n\t\t\t\t<\/div>\n\t\t\t\t<div class=\"elementor-element elementor-element-3c1c194 elementor-widget elementor-widget-image\" data-id=\"3c1c194\" data-element_type=\"widget\" data-e-type=\"widget\" data-widget_type=\"image.default\">\n\t\t\t\t<div class=\"elementor-widget-container\">\n\t\t\t\t\t\t\t\t\t\t\t\t\t\t\t<img fetchpriority=\"high\" decoding=\"async\" width=\"2000\" height=\"1300\" src=\"https:\/\/swellcontrol.com.br\/wp-content\/uploads\/2022\/07\/INTRODUTORIO.png\" class=\"attachment-full size-full wp-image-4257\" alt=\"\" srcset=\"https:\/\/swellcontrol.com.br\/wp-content\/uploads\/2022\/07\/INTRODUTORIO.png 2000w, https:\/\/swellcontrol.com.br\/wp-content\/uploads\/2022\/07\/INTRODUTORIO-300x195.png 300w, https:\/\/swellcontrol.com.br\/wp-content\/uploads\/2022\/07\/INTRODUTORIO-1024x666.png 1024w, https:\/\/swellcontrol.com.br\/wp-content\/uploads\/2022\/07\/INTRODUTORIO-768x499.png 768w, https:\/\/swellcontrol.com.br\/wp-content\/uploads\/2022\/07\/INTRODUTORIO-1536x998.png 1536w\" sizes=\"(max-width: 2000px) 100vw, 2000px\" \/>\t\t\t\t\t\t\t\t\t\t\t\t\t\t\t<\/div>\n\t\t\t\t<\/div>\n\t\t\t\t\t<\/div>\n\t\t<\/div>\n\t\t\t\t<div class=\"elementor-column elementor-col-50 elementor-top-column elementor-element elementor-element-55e5f06\" data-id=\"55e5f06\" data-element_type=\"column\" data-e-type=\"column\">\n\t\t\t<div class=\"elementor-widget-wrap elementor-element-populated\">\n\t\t\t\t\t\t<div class=\"elementor-element elementor-element-e90901c elementor-widget elementor-widget-spacer\" data-id=\"e90901c\" data-element_type=\"widget\" data-e-type=\"widget\" data-widget_type=\"spacer.default\">\n\t\t\t\t<div class=\"elementor-widget-container\">\n\t\t\t\t\t\t\t<div class=\"elementor-spacer\">\n\t\t\t<div class=\"elementor-spacer-inner\"><\/div>\n\t\t<\/div>\n\t\t\t\t\t\t<\/div>\n\t\t\t\t<\/div>\n\t\t\t\t<div class=\"elementor-element elementor-element-858236a elementor-widget elementor-widget-heading\" data-id=\"858236a\" data-element_type=\"widget\" data-e-type=\"widget\" data-widget_type=\"heading.default\">\n\t\t\t\t<div class=\"elementor-widget-container\">\n\t\t\t\t\t<h4 class=\"elementor-heading-title elementor-size-default\"><strong>Well Control<br> Drilling Operations Introductory<\/strong><\/h4>\t\t\t\t<\/div>\n\t\t\t\t<\/div>\n\t\t\t\t<div class=\"elementor-element elementor-element-3d9d428 elementor-widget elementor-widget-text-editor\" data-id=\"3d9d428\" data-element_type=\"widget\" data-e-type=\"widget\" data-widget_type=\"text-editor.default\">\n\t\t\t\t<div class=\"elementor-widget-container\">\n\t\t\t\t\t\t\t\t\t<p class=\"p1\">O curso de Well Control oferecido pelo programa IADC WellSharp no n\u00edvel introdut\u00f3rio \u00e9 projetado para fornecer uma compreens\u00e3o b\u00e1sica e fundamental dos princ\u00edpios de controle de po\u00e7os. Durante o curso, os participantes aprendem sobre os conceitos essenciais de press\u00e3o de po\u00e7o, m\u00e9todos de controle de po\u00e7o, equipamentos de seguran\u00e7a e procedimentos de resposta a emerg\u00eancias. Al\u00e9m disso, o treinamento inclui simula\u00e7\u00f5es pr\u00e1ticas e estudos de caso para preparar os participantes para lidar com situa\u00e7\u00f5es reais de controle de po\u00e7o de forma eficaz e segura. Ao concluir o curso, os participantes estar\u00e3o equipados com as habilidades e conhecimentos necess\u00e1rios para iniciar uma carreira na ind\u00fastria de petr\u00f3leo e g\u00e1s com uma base s\u00f3lida em controle de po\u00e7o.<\/p>\t\t\t\t\t\t\t\t<\/div>\n\t\t\t\t<\/div>\n\t\t\t\t<div class=\"elementor-element elementor-element-fa3c013 elementor-align-center elementor-widget elementor-widget-button\" data-id=\"fa3c013\" data-element_type=\"widget\" data-e-type=\"widget\" data-widget_type=\"button.default\">\n\t\t\t\t<div class=\"elementor-widget-container\">\n\t\t\t\t\t\t\t\t\t<div class=\"elementor-button-wrapper\">\n\t\t\t\t\t<a class=\"elementor-button elementor-button-link elementor-size-sm\" href=\"https:\/\/api.whatsapp.com\/send?phone=557140404080\">\n\t\t\t\t\t\t<span class=\"elementor-button-content-wrapper\">\n\t\t\t\t\t\t\t\t\t<span class=\"elementor-button-text\">Inscri\u00e7\u00e3o<\/span>\n\t\t\t\t\t<\/span>\n\t\t\t\t\t<\/a>\n\t\t\t\t<\/div>\n\t\t\t\t\t\t\t\t<\/div>\n\t\t\t\t<\/div>\n\t\t\t\t\t<\/div>\n\t\t<\/div>\n\t\t\t\t\t<\/div>\n\t\t<\/section>\n\t\t\t\t<section class=\"elementor-section elementor-top-section elementor-element elementor-element-e11efc6 elementor-section-boxed elementor-section-height-default elementor-section-height-default\" data-id=\"e11efc6\" data-element_type=\"section\" data-e-type=\"section\">\n\t\t\t\t\t\t<div class=\"elementor-container elementor-column-gap-default\">\n\t\t\t\t\t<div class=\"elementor-column elementor-col-50 elementor-top-column elementor-element elementor-element-77de4ae\" data-id=\"77de4ae\" data-element_type=\"column\" data-e-type=\"column\">\n\t\t\t<div class=\"elementor-widget-wrap elementor-element-populated\">\n\t\t\t\t\t\t<div class=\"elementor-element elementor-element-b748c5e elementor-widget elementor-widget-text-editor\" data-id=\"b748c5e\" data-element_type=\"widget\" data-e-type=\"widget\" data-widget_type=\"text-editor.default\">\n\t\t\t\t<div class=\"elementor-widget-container\">\n\t\t\t\t\t\t\t\t\t<h3><span style=\"color: #000080;\"><strong>Conte\u00fado do curso<\/strong><\/span><\/h3><ul><li>Introdu\u00e7\u00e3o ao controle de po\u00e7o e seguran\u00e7a operacional.<\/li><li>Princ\u00edpios b\u00e1sicos de press\u00e3o de po\u00e7o.<\/li><li>M\u00e9todos de controle de po\u00e7o, incluindo kill methods.<\/li><li>Equipamentos de controle de po\u00e7o e seguran\u00e7a.<\/li><li>Procedimentos de resposta a emerg\u00eancias.<\/li><li>Apresenta\u00e7\u00e3o de pr\u00e1ticas de controle de po\u00e7o.<\/li><li>Estudos de caso de incidentes de controle de po\u00e7o.<\/li><\/ul><h3><span style=\"color: #000080;\"><strong>Carga hor\u00e1ria<\/strong><\/span><\/h3><ul><li style=\"list-style-type: none;\"><ul><li><p class=\"p1\"><span style=\"font-size: 12.0pt;\">16 a 24 horas<\/span><\/p><\/li><\/ul><\/li><\/ul>\t\t\t\t\t\t\t\t<\/div>\n\t\t\t\t<\/div>\n\t\t\t\t\t<\/div>\n\t\t<\/div>\n\t\t\t\t<div class=\"elementor-column elementor-col-50 elementor-top-column elementor-element elementor-element-671181e\" data-id=\"671181e\" data-element_type=\"column\" data-e-type=\"column\">\n\t\t\t<div class=\"elementor-widget-wrap elementor-element-populated\">\n\t\t\t\t\t\t<div class=\"elementor-element elementor-element-058973b elementor-widget elementor-widget-text-editor\" data-id=\"058973b\" data-element_type=\"widget\" data-e-type=\"widget\" data-widget_type=\"text-editor.default\">\n\t\t\t\t<div class=\"elementor-widget-container\">\n\t\t\t\t\t\t\t\t\t<h3><span style=\"color: #000080;\"><strong>P\u00fablico alvo<\/strong><\/span><\/h3><ul><li>Plataformista<\/li><li>Torrista<\/li><li>Gerentes<\/li><li>Consultores<\/li><li>Especialistas\/operadores de equipamentos de sub-superf\u00edcie<\/li><li>TQP e Quimico de fluido Direcional<\/li><li>Pescador (po\u00e7o n\u00e3o pressurizado)<\/li><li>Operador da unidade de cimenta\u00e7\u00e3o Equipe de cabe\u00e7a de po\u00e7o\/\u00e1rvore de natal<\/li><li>Equipe de MPD\/UBD<\/li><li>Equipe de MWD\/LWD<\/li><li>T\u00e9cnico de estabilidade Encarregado\/supervisor da Equipe de descida de revestimento<\/li><li>Fiscal de revestimento e Cimenta\u00e7\u00e3o<\/li><\/ul><h3><span style=\"color: #000080;\"><strong>Certifica\u00e7\u00f5es<\/strong><\/span><\/h3><ul><li>IADC WellSharp<\/li><li>SWC School Of Well Control<\/li><li>Validade 5 anos<\/li><\/ul>\t\t\t\t\t\t\t\t<\/div>\n\t\t\t\t<\/div>\n\t\t\t\t<div class=\"elementor-element elementor-element-45cae1f elementor-widget elementor-widget-text-editor\" data-id=\"45cae1f\" data-element_type=\"widget\" data-e-type=\"widget\" data-widget_type=\"text-editor.default\">\n\t\t\t\t<div class=\"elementor-widget-container\">\n\t\t\t\t\t\t\t\t\t<p style=\"text-align: center;\">Clique no bot\u00e3o de download abaixo para baixar o plano do curso<\/p>\t\t\t\t\t\t\t\t<\/div>\n\t\t\t\t<\/div>\n\t\t\t\t<div class=\"elementor-element elementor-element-e6f0406 elementor-align-center elementor-widget elementor-widget-button\" data-id=\"e6f0406\" data-element_type=\"widget\" data-e-type=\"widget\" data-widget_type=\"button.default\">\n\t\t\t\t<div class=\"elementor-widget-container\">\n\t\t\t\t\t\t\t\t\t<div class=\"elementor-button-wrapper\">\n\t\t\t\t\t<a class=\"elementor-button elementor-button-link elementor-size-sm\" href=\"https:\/\/swellcontrol.com.br\/wp-content\/uploads\/2024\/05\/DOI-1.pdf\" target=\"_blank\">\n\t\t\t\t\t\t<span class=\"elementor-button-content-wrapper\">\n\t\t\t\t\t\t<span class=\"elementor-button-icon\">\n\t\t\t\t<i aria-hidden=\"true\" class=\"fas fa-download\"><\/i>\t\t\t<\/span>\n\t\t\t\t\t\t\t\t\t<span class=\"elementor-button-text\">Download<\/span>\n\t\t\t\t\t<\/span>\n\t\t\t\t\t<\/a>\n\t\t\t\t<\/div>\n\t\t\t\t\t\t\t\t<\/div>\n\t\t\t\t<\/div>\n\t\t\t\t\t<\/div>\n\t\t<\/div>\n\t\t\t\t\t<\/div>\n\t\t<\/section>\n\t\t\t\t<\/div>\n\t\t","protected":false},"excerpt":{"rendered":"<p>Well Control Drilling Operations Introductory O curso de Well Control oferecido pelo programa IADC WellSharp no n\u00edvel introdut\u00f3rio \u00e9 projetado para fornecer uma compreens\u00e3o b\u00e1sica e fundamental dos princ\u00edpios de [&hellip;]<\/p>\n","protected":false},"author":1,"featured_media":0,"parent":0,"menu_order":0,"comment_status":"closed","ping_status":"closed","template":"","meta":{"site-sidebar-layout":"no-sidebar","site-content-layout":"page-builder","ast-site-content-layout":"default","site-content-style":"default","site-sidebar-style":"default","ast-global-header-display":"","ast-banner-title-visibility":"","ast-main-header-display":"","ast-hfb-above-header-display":"","ast-hfb-below-header-display":"","ast-hfb-mobile-header-display":"","site-post-title":"disabled","ast-breadcrumbs-content":"","ast-featured-img":"disabled","footer-sml-layout":"","ast-disable-related-posts":"","theme-transparent-header-meta":"","adv-header-id-meta":"","stick-header-meta":"","header-above-stick-meta":"","header-main-stick-meta":"","header-below-stick-meta":"","astra-migrate-meta-layouts":"default","ast-page-background-enabled":"default","ast-page-background-meta":{"desktop":{"background-color":"","background-image":"","background-repeat":"repeat","background-position":"center center","background-size":"auto","background-attachment":"scroll","background-type":"","background-media":"","overlay-type":"","overlay-color":"","overlay-opacity":"","overlay-gradient":""},"tablet":{"background-color":"","background-image":"","background-repeat":"repeat","background-position":"center center","background-size":"auto","background-attachment":"scroll","background-type":"","background-media":"","overlay-type":"","overlay-color":"","overlay-opacity":"","overlay-gradient":""},"mobile":{"background-color":"","background-image":"","background-repeat":"repeat","background-position":"center center","background-size":"auto","background-attachment":"scroll","background-type":"","background-media":"","overlay-type":"","overlay-color":"","overlay-opacity":"","overlay-gradient":""}},"ast-content-background-meta":{"desktop":{"background-color":"var(--ast-global-color-5)","background-image":"","background-repeat":"repeat","background-position":"center center","background-size":"auto","background-attachment":"scroll","background-type":"","background-media":"","overlay-type":"","overlay-color":"","overlay-opacity":"","overlay-gradient":""},"tablet":{"background-color":"var(--ast-global-color-5)","background-image":"","background-repeat":"repeat","background-position":"center center","background-size":"auto","background-attachment":"scroll","background-type":"","background-media":"","overlay-type":"","overlay-color":"","overlay-opacity":"","overlay-gradient":""},"mobile":{"background-color":"var(--ast-global-color-5)","background-image":"","background-repeat":"repeat","background-position":"center center","background-size":"auto","background-attachment":"scroll","background-type":"","background-media":"","overlay-type":"","overlay-color":"","overlay-opacity":"","overlay-gradient":""}},"_price":"","_stock":"","_tribe_ticket_header":"","_tribe_default_ticket_provider":"","_tribe_ticket_capacity":"0","_ticket_start_date":"","_ticket_end_date":"","_tribe_ticket_show_description":"","_tribe_ticket_show_not_going":false,"_tribe_ticket_use_global_stock":"","_tribe_ticket_global_stock_level":"","_global_stock_mode":"","_global_stock_cap":"","_tribe_rsvp_for_event":"","_tribe_ticket_going_count":"","_tribe_ticket_not_going_count":"","_tribe_tickets_list":"[]","_tribe_ticket_has_attendee_info_fields":false,"footnotes":"","_tec_slr_enabled":"","_tec_slr_layout":""},"class_list":["post-3764","page","type-page","status-publish","hentry"],"jetpack_sharing_enabled":true,"ticketed":false,"_links":{"self":[{"href":"https:\/\/swellcontrol.com.br\/index.php\/wp-json\/wp\/v2\/pages\/3764","targetHints":{"allow":["GET"]}}],"collection":[{"href":"https:\/\/swellcontrol.com.br\/index.php\/wp-json\/wp\/v2\/pages"}],"about":[{"href":"https:\/\/swellcontrol.com.br\/index.php\/wp-json\/wp\/v2\/types\/page"}],"author":[{"embeddable":true,"href":"https:\/\/swellcontrol.com.br\/index.php\/wp-json\/wp\/v2\/users\/1"}],"replies":[{"embeddable":true,"href":"https:\/\/swellcontrol.com.br\/index.php\/wp-json\/wp\/v2\/comments?post=3764"}],"version-history":[{"count":145,"href":"https:\/\/swellcontrol.com.br\/index.php\/wp-json\/wp\/v2\/pages\/3764\/revisions"}],"predecessor-version":[{"id":7110,"href":"https:\/\/swellcontrol.com.br\/index.php\/wp-json\/wp\/v2\/pages\/3764\/revisions\/7110"}],"wp:attachment":[{"href":"https:\/\/swellcontrol.com.br\/index.php\/wp-json\/wp\/v2\/media?parent=3764"}],"curies":[{"name":"wp","href":"https:\/\/api.w.org\/{rel}","templated":true}]}}